{"id":461,"date":"2020-05-18T14:48:54","date_gmt":"2020-05-18T14:48:54","guid":{"rendered":"https:\/\/gesunde-kinderschuhe.de\/?page_id=461"},"modified":"2020-05-18T14:54:46","modified_gmt":"2020-05-18T14:54:46","slug":"schuhhandwerk","status":"publish","type":"page","link":"https:\/\/gesunde-kinderschuhe.de\/?page_id=461","title":{"rendered":"SchuhHandWerk"},"content":{"rendered":"\n<p>In einer kleinen Werkstatt k\u00f6nnen Reparaturen, \u00c4nderungen, Zurichtungen oder individuelle Kundenw\u00fcnsche professionell ausgef\u00fchrt werden.<\/p>\n\n\n\n<p><\/p>\n\n\n\n<figure class=\"wp-block-gallery columns-3 is-cropped wp-block-gallery-2 is-layout-flex wp-block-gallery-is-layout-flex\"><ul class=\"blocks-gallery-grid\"><li class=\"blocks-gallery-item\"><figure><a href=\"https:\/\/gesunde-kinderschuhe.de\/wp-content\/uploads\/2020\/05\/2020-05-18-12.13.06-1-3-1024x684.jpg\" data-rel=\"lightbox-image-0\" data-rl_title=\"\" data-rl_caption=\"\" title=\"\"><img loading=\"lazy\" decoding=\"async\" width=\"1024\" height=\"684\" src=\"https:\/\/gesunde-kinderschuhe.de\/wp-content\/uploads\/2020\/05\/2020-05-18-12.13.06-1-3-1024x684.jpg\" alt=\"\" data-id=\"482\" data-link=\"https:\/\/gesunde-kinderschuhe.de\/?attachment_id=482\" class=\"wp-image-482\" srcset=\"https:\/\/gesunde-kinderschuhe.de\/wp-content\/uploads\/2020\/05\/2020-05-18-12.13.06-1-3-1024x684.jpg 1024w, https:\/\/gesunde-kinderschuhe.de\/wp-content\/uploads\/2020\/05\/2020-05-18-12.13.06-1-3-300x200.jpg 300w, https:\/\/gesunde-kinderschuhe.de\/wp-content\/uploads\/2020\/05\/2020-05-18-12.13.06-1-3-768x513.jpg 768w, https:\/\/gesunde-kinderschuhe.de\/wp-content\/uploads\/2020\/05\/2020-05-18-12.13.06-1-3-1536x1025.jpg 1536w, https:\/\/gesunde-kinderschuhe.de\/wp-content\/uploads\/2020\/05\/2020-05-18-12.13.06-1-3-2048x1367.jpg 2048w\" sizes=\"auto, (max-width: 767px) 89vw, (max-width: 1000px) 54vw, (max-width: 1071px) 543px, 580px\" \/><\/a><\/figure><\/li><li class=\"blocks-gallery-item\"><figure><a href=\"https:\/\/gesunde-kinderschuhe.de\/wp-content\/uploads\/2020\/05\/IMG_20200518_153009_746-2-1024x683.jpg\" data-rel=\"lightbox-image-1\" data-rl_title=\"\" data-rl_caption=\"\" title=\"\"><img loading=\"lazy\" decoding=\"async\" width=\"1024\" height=\"683\" src=\"https:\/\/gesunde-kinderschuhe.de\/wp-content\/uploads\/2020\/05\/IMG_20200518_153009_746-2-1024x683.jpg\" alt=\"\" data-id=\"484\" data-link=\"https:\/\/gesunde-kinderschuhe.de\/?attachment_id=484\" class=\"wp-image-484\" srcset=\"https:\/\/gesunde-kinderschuhe.de\/wp-content\/uploads\/2020\/05\/IMG_20200518_153009_746-2-1024x683.jpg 1024w, https:\/\/gesunde-kinderschuhe.de\/wp-content\/uploads\/2020\/05\/IMG_20200518_153009_746-2-300x200.jpg 300w, https:\/\/gesunde-kinderschuhe.de\/wp-content\/uploads\/2020\/05\/IMG_20200518_153009_746-2-768x512.jpg 768w, https:\/\/gesunde-kinderschuhe.de\/wp-content\/uploads\/2020\/05\/IMG_20200518_153009_746-2.jpg 1080w\" sizes=\"auto, (max-width: 767px) 89vw, (max-width: 1000px) 54vw, (max-width: 1071px) 543px, 580px\" \/><\/a><\/figure><\/li><li class=\"blocks-gallery-item\"><figure><a href=\"https:\/\/gesunde-kinderschuhe.de\/wp-content\/uploads\/2020\/05\/IMG_20200518_153009_786-2-1024x683.jpg\" data-rel=\"lightbox-image-2\" data-rl_title=\"\" data-rl_caption=\"\" title=\"\"><img loading=\"lazy\" decoding=\"async\" width=\"1024\" height=\"683\" src=\"https:\/\/gesunde-kinderschuhe.de\/wp-content\/uploads\/2020\/05\/IMG_20200518_153009_786-2-1024x683.jpg\" alt=\"\" data-id=\"485\" data-link=\"https:\/\/gesunde-kinderschuhe.de\/?attachment_id=485\" class=\"wp-image-485\" srcset=\"https:\/\/gesunde-kinderschuhe.de\/wp-content\/uploads\/2020\/05\/IMG_20200518_153009_786-2-1024x683.jpg 1024w, https:\/\/gesunde-kinderschuhe.de\/wp-content\/uploads\/2020\/05\/IMG_20200518_153009_786-2-300x200.jpg 300w, https:\/\/gesunde-kinderschuhe.de\/wp-content\/uploads\/2020\/05\/IMG_20200518_153009_786-2-768x512.jpg 768w, https:\/\/gesunde-kinderschuhe.de\/wp-content\/uploads\/2020\/05\/IMG_20200518_153009_786-2.jpg 1080w\" sizes=\"auto, (max-width: 767px) 89vw, (max-width: 1000px) 54vw, (max-width: 1071px) 543px, 580px\" \/><\/a><\/figure><\/li><li class=\"blocks-gallery-item\"><figure><a href=\"https:\/\/gesunde-kinderschuhe.de\/wp-content\/uploads\/2020\/05\/2020-05-18-12.13.32-1-1-scaled.jpg\" data-rel=\"lightbox-image-3\" data-rl_title=\"\" data-rl_caption=\"\" title=\"\"><img loading=\"lazy\" decoding=\"async\" width=\"1024\" height=\"684\" src=\"https:\/\/gesunde-kinderschuhe.de\/wp-content\/uploads\/2020\/05\/2020-05-18-12.13.32-1-1-1024x684.jpg\" alt=\"\" data-id=\"487\" data-full-url=\"https:\/\/gesunde-kinderschuhe.de\/wp-content\/uploads\/2020\/05\/2020-05-18-12.13.32-1-1-scaled.jpg\" data-link=\"https:\/\/gesunde-kinderschuhe.de\/?attachment_id=487\" class=\"wp-image-487\" srcset=\"https:\/\/gesunde-kinderschuhe.de\/wp-content\/uploads\/2020\/05\/2020-05-18-12.13.32-1-1-1024x684.jpg 1024w, https:\/\/gesunde-kinderschuhe.de\/wp-content\/uploads\/2020\/05\/2020-05-18-12.13.32-1-1-300x200.jpg 300w, https:\/\/gesunde-kinderschuhe.de\/wp-content\/uploads\/2020\/05\/2020-05-18-12.13.32-1-1-768x513.jpg 768w, https:\/\/gesunde-kinderschuhe.de\/wp-content\/uploads\/2020\/05\/2020-05-18-12.13.32-1-1-1536x1025.jpg 1536w, https:\/\/gesunde-kinderschuhe.de\/wp-content\/uploads\/2020\/05\/2020-05-18-12.13.32-1-1-2048x1367.jpg 2048w\" sizes=\"auto, (max-width: 767px) 89vw, (max-width: 1000px) 54vw, (max-width: 1071px) 543px, 580px\" \/><\/a><\/figure><\/li><\/ul><\/figure>\n","protected":false},"excerpt":{"rendered":"<p>In einer kleinen Werkstatt k\u00f6nnen Reparaturen, \u00c4nderungen, Zurichtungen oder individuelle Kundenw\u00fcnsche professionell ausgef\u00fchrt werden.<\/p>\n","protected":false},"author":1,"featured_media":0,"parent":0,"menu_order":0,"comment_status":"closed","ping_status":"closed","template":"","meta":{"footnotes":""},"class_list":["post-461","page","type-page","status-publish","hentry"],"yoast_head":"<!-- This site is optimized with the Yoast SEO plugin v27.2 - https:\/\/yoast.com\/product\/yoast-seo-wordpress\/ -->\n<title>SchuhHandWerk - Schuhe im Schwarzatal<\/title>\n<meta name=\"robots\" content=\"index, follow, max-snippet:-1, max-image-preview:large, max-video-preview:-1\" \/>\n<link rel=\"canonical\" href=\"https:\/\/gesunde-kinderschuhe.de\/?page_id=461\" \/>\n<meta property=\"og:locale\" content=\"de_DE\" \/>\n<meta property=\"og:type\" content=\"article\" \/>\n<meta property=\"og:title\" content=\"SchuhHandWerk - Schuhe im Schwarzatal\" \/>\n<meta property=\"og:description\" content=\"In einer kleinen Werkstatt k\u00f6nnen Reparaturen, \u00c4nderungen, Zurichtungen oder individuelle Kundenw\u00fcnsche professionell ausgef\u00fchrt werden.\" \/>\n<meta property=\"og:url\" content=\"https:\/\/gesunde-kinderschuhe.de\/?page_id=461\" \/>\n<meta property=\"og:site_name\" content=\"Schuhe im Schwarzatal\" \/>\n<meta property=\"article:modified_time\" content=\"2020-05-18T14:54:46+00:00\" \/>\n<meta property=\"og:image\" content=\"https:\/\/gesunde-kinderschuhe.de\/wp-content\/uploads\/2020\/05\/2020-05-18-12.13.06-1-3-1024x684.jpg\" \/>\n<meta name=\"twitter:card\" content=\"summary_large_image\" \/>\n<script type=\"application\/ld+json\" class=\"yoast-schema-graph\">{\"@context\":\"https:\/\/schema.org\",\"@graph\":[{\"@type\":\"WebPage\",\"@id\":\"https:\/\/gesunde-kinderschuhe.de\/?page_id=461\",\"url\":\"https:\/\/gesunde-kinderschuhe.de\/?page_id=461\",\"name\":\"SchuhHandWerk - Schuhe im Schwarzatal\",\"isPartOf\":{\"@id\":\"https:\/\/gesunde-kinderschuhe.de\/#website\"},\"primaryImageOfPage\":{\"@id\":\"https:\/\/gesunde-kinderschuhe.de\/?page_id=461#primaryimage\"},\"image\":{\"@id\":\"https:\/\/gesunde-kinderschuhe.de\/?page_id=461#primaryimage\"},\"thumbnailUrl\":\"https:\/\/gesunde-kinderschuhe.de\/wp-content\/uploads\/2020\/05\/2020-05-18-12.13.06-1-3-1024x684.jpg\",\"datePublished\":\"2020-05-18T14:48:54+00:00\",\"dateModified\":\"2020-05-18T14:54:46+00:00\",\"breadcrumb\":{\"@id\":\"https:\/\/gesunde-kinderschuhe.de\/?page_id=461#breadcrumb\"},\"inLanguage\":\"de\",\"potentialAction\":[{\"@type\":\"ReadAction\",\"target\":[\"https:\/\/gesunde-kinderschuhe.de\/?page_id=461\"]}]},{\"@type\":\"ImageObject\",\"inLanguage\":\"de\",\"@id\":\"https:\/\/gesunde-kinderschuhe.de\/?page_id=461#primaryimage\",\"url\":\"https:\/\/gesunde-kinderschuhe.de\/wp-content\/uploads\/2020\/05\/2020-05-18-12.13.06-1-3-1024x684.jpg\",\"contentUrl\":\"https:\/\/gesunde-kinderschuhe.de\/wp-content\/uploads\/2020\/05\/2020-05-18-12.13.06-1-3-1024x684.jpg\"},{\"@type\":\"BreadcrumbList\",\"@id\":\"https:\/\/gesunde-kinderschuhe.de\/?page_id=461#breadcrumb\",\"itemListElement\":[{\"@type\":\"ListItem\",\"position\":1,\"name\":\"Startseite\",\"item\":\"https:\/\/gesunde-kinderschuhe.de\/\"},{\"@type\":\"ListItem\",\"position\":2,\"name\":\"SchuhHandWerk\"}]},{\"@type\":\"WebSite\",\"@id\":\"https:\/\/gesunde-kinderschuhe.de\/#website\",\"url\":\"https:\/\/gesunde-kinderschuhe.de\/\",\"name\":\"Schuhe im Schwarzatal\",\"description\":\"Fachgesch\u00e4ft f\u00fcr Kinderschuhe, Wanderschuhe, Barfu\u00dfschuhe\",\"potentialAction\":[{\"@type\":\"SearchAction\",\"target\":{\"@type\":\"EntryPoint\",\"urlTemplate\":\"https:\/\/gesunde-kinderschuhe.de\/?s={search_term_string}\"},\"query-input\":{\"@type\":\"PropertyValueSpecification\",\"valueRequired\":true,\"valueName\":\"search_term_string\"}}],\"inLanguage\":\"de\"}]}<\/script>\n<!-- \/ Yoast SEO plugin. -->","yoast_head_json":{"title":"SchuhHandWerk - Schuhe im Schwarzatal","robots":{"index":"index","follow":"follow","max-snippet":"max-snippet:-1","max-image-preview":"max-image-preview:large","max-video-preview":"max-video-preview:-1"},"canonical":"https:\/\/gesunde-kinderschuhe.de\/?page_id=461","og_locale":"de_DE","og_type":"article","og_title":"SchuhHandWerk - Schuhe im Schwarzatal","og_description":"In einer kleinen Werkstatt k\u00f6nnen Reparaturen, \u00c4nderungen, Zurichtungen oder individuelle Kundenw\u00fcnsche professionell ausgef\u00fchrt werden.","og_url":"https:\/\/gesunde-kinderschuhe.de\/?page_id=461","og_site_name":"Schuhe im Schwarzatal","article_modified_time":"2020-05-18T14:54:46+00:00","og_image":[{"url":"https:\/\/gesunde-kinderschuhe.de\/wp-content\/uploads\/2020\/05\/2020-05-18-12.13.06-1-3-1024x684.jpg","type":"","width":"","height":""}],"twitter_card":"summary_large_image","schema":{"@context":"https:\/\/schema.org","@graph":[{"@type":"WebPage","@id":"https:\/\/gesunde-kinderschuhe.de\/?page_id=461","url":"https:\/\/gesunde-kinderschuhe.de\/?page_id=461","name":"SchuhHandWerk - Schuhe im Schwarzatal","isPartOf":{"@id":"https:\/\/gesunde-kinderschuhe.de\/#website"},"primaryImageOfPage":{"@id":"https:\/\/gesunde-kinderschuhe.de\/?page_id=461#primaryimage"},"image":{"@id":"https:\/\/gesunde-kinderschuhe.de\/?page_id=461#primaryimage"},"thumbnailUrl":"https:\/\/gesunde-kinderschuhe.de\/wp-content\/uploads\/2020\/05\/2020-05-18-12.13.06-1-3-1024x684.jpg","datePublished":"2020-05-18T14:48:54+00:00","dateModified":"2020-05-18T14:54:46+00:00","breadcrumb":{"@id":"https:\/\/gesunde-kinderschuhe.de\/?page_id=461#breadcrumb"},"inLanguage":"de","potentialAction":[{"@type":"ReadAction","target":["https:\/\/gesunde-kinderschuhe.de\/?page_id=461"]}]},{"@type":"ImageObject","inLanguage":"de","@id":"https:\/\/gesunde-kinderschuhe.de\/?page_id=461#primaryimage","url":"https:\/\/gesunde-kinderschuhe.de\/wp-content\/uploads\/2020\/05\/2020-05-18-12.13.06-1-3-1024x684.jpg","contentUrl":"https:\/\/gesunde-kinderschuhe.de\/wp-content\/uploads\/2020\/05\/2020-05-18-12.13.06-1-3-1024x684.jpg"},{"@type":"BreadcrumbList","@id":"https:\/\/gesunde-kinderschuhe.de\/?page_id=461#breadcrumb","itemListElement":[{"@type":"ListItem","position":1,"name":"Startseite","item":"https:\/\/gesunde-kinderschuhe.de\/"},{"@type":"ListItem","position":2,"name":"SchuhHandWerk"}]},{"@type":"WebSite","@id":"https:\/\/gesunde-kinderschuhe.de\/#website","url":"https:\/\/gesunde-kinderschuhe.de\/","name":"Schuhe im Schwarzatal","description":"Fachgesch\u00e4ft f\u00fcr Kinderschuhe, Wanderschuhe, Barfu\u00dfschuhe","potentialAction":[{"@type":"SearchAction","target":{"@type":"EntryPoint","urlTemplate":"https:\/\/gesunde-kinderschuhe.de\/?s={search_term_string}"},"query-input":{"@type":"PropertyValueSpecification","valueRequired":true,"valueName":"search_term_string"}}],"inLanguage":"de"}]}},"_links":{"self":[{"href":"https:\/\/gesunde-kinderschuhe.de\/index.php?rest_route=\/wp\/v2\/pages\/461","targetHints":{"allow":["GET"]}}],"collection":[{"href":"https:\/\/gesunde-kinderschuhe.de\/index.php?rest_route=\/wp\/v2\/pages"}],"about":[{"href":"https:\/\/gesunde-kinderschuhe.de\/index.php?rest_route=\/wp\/v2\/types\/page"}],"author":[{"embeddable":true,"href":"https:\/\/gesunde-kinderschuhe.de\/index.php?rest_route=\/wp\/v2\/users\/1"}],"replies":[{"embeddable":true,"href":"https:\/\/gesunde-kinderschuhe.de\/index.php?rest_route=%2Fwp%2Fv2%2Fcomments&post=461"}],"version-history":[{"count":13,"href":"https:\/\/gesunde-kinderschuhe.de\/index.php?rest_route=\/wp\/v2\/pages\/461\/revisions"}],"predecessor-version":[{"id":495,"href":"https:\/\/gesunde-kinderschuhe.de\/index.php?rest_route=\/wp\/v2\/pages\/461\/revisions\/495"}],"wp:attachment":[{"href":"https:\/\/gesunde-kinderschuhe.de\/index.php?rest_route=%2Fwp%2Fv2%2Fmedia&parent=461"}],"curies":[{"name":"wp","href":"https:\/\/api.w.org\/{rel}","templated":true}]}}