{"id":4,"date":"2020-03-04T12:31:29","date_gmt":"2020-03-04T12:31:29","guid":{"rendered":"https:\/\/gesunde-kinderschuhe.de\/willkommen-auf-https-gesunde-kinderschuhe-de"},"modified":"2026-03-30T09:16:00","modified_gmt":"2026-03-30T09:16:00","slug":"willkommen-auf-https-gesunde-kinderschuhe-de","status":"publish","type":"page","link":"https:\/\/gesunde-kinderschuhe.de\/","title":{"rendered":"Willkommen bei Schuhe im Schwarzatal"},"content":{"rendered":"\n<p><span style=\"color: #ff0000;\"><strong>ACHTUNG!<\/strong><\/span><br \/><span style=\"color: #ff0000;\"><strong>Gr\u00fcndonnerstag, 02.04.2026 geschlossen<\/strong><\/span><br \/><span style=\"color: #ff0000;\"><strong>Ostersamstag von 9-12 Uhr ge\u00f6ffnet<\/strong><\/span><\/p>\n\n\n\n<figure class=\"wp-block-table\"><table><tbody><tr><td><br>Seit 1990 gibt es in Schwarzburg ein inhabergef\u00fchrtes Fachgesch\u00e4ft f\u00fcr gesunde Kinderschuhe, hochwertige Wanderschuhe (Lowa, Meindl, Ecco) sowie ein ausgesuchtes Angebot an Damen- und Herrenschuhen. Insbesondere Barfu\u00dfschuhe (Merrell, Ricosta, Vivobarefoot, Meindl) erfreuen sich stark zunehmender Beliebtheit.<br><br>Qualifizierte Beratung und langj\u00e4hrige Erfahrung machen Ihren Einkauf zu einem besonderen Erlebnis und lassen wenig Platz f\u00fcr einen Fehlkauf.<br><br>Kinder kaufen ihre Schuhe mit Freude beim Benno, denn hier genie\u00dfen kleine F\u00fc\u00dfe gr\u00f6\u00dfte Aufmerksamkeit.<br><br>Das Angebot an Wanderschuhen erstreckt sich von leichten Halbschuhen \u00fcber leichte Kn\u00f6chelschuhe bis hin zu festen Trekkingschuhen (Kat. B) f\u00fcr anspruchsvolle Bergwanderungen und H\u00fcttentouren. Auch Modelle aus dem sogenannten Barfu\u00dfbereich sind f\u00fcr leichte, aber durchaus auch lange Wanderungen bestens geeignet.<\/td><\/tr><\/tbody><\/table><\/figure>\n\n\n\n<p><strong>\u00d6ffnungszeiten<\/strong><\/p>\n\n\n\n<p>am 02.04.2026 geschlossen<br>am 04.04. ge\u00f6ffnet<br><strong>Mo. &#8211; Fr.: 15 &#8211; 18 Uhr<br>Sa.: 9 &#8211; 12 Uhr <\/strong><br><\/p>\n\n\n\n<p>Au\u00dferhalb dieser Zeiten sind auch Terminvereinbarungen m\u00f6glich, so haben Sie und Ihre Familie Gelegenheit in aller Ruhe in der Welt der funktionellen Schuhe zu st\u00f6bern.<\/p>\n\n\n\n<p>Kontakt per E-Mail: bennokeller@gmx.de<br><br>mobil: 0160 1099 674<\/p>\n\n\n\n<p>Festnetz: 036730 22261 (AB)<\/p>\n\n\n\n<p><br><br>Burkersdorfer Str. 7<br>07427 Schwarzburg<br><br>kostenlose, \u00f6ffentliche Parkpl\u00e4tze in unmittelbarer N\u00e4he <\/p>\n\n\n\n<p><\/p>\n","protected":false},"excerpt":{"rendered":"<p>ACHTUNG!Gr\u00fcndonnerstag, 02.04.2026 geschlossenOstersamstag von 9-12 Uhr ge\u00f6ffnet Seit 1990 gibt es in Schwarzburg ein inhabergef\u00fchrtes Fachgesch\u00e4ft f\u00fcr gesunde Kinderschuhe, hochwertige Wanderschuhe (Lowa, Meindl, Ecco) sowie ein ausgesuchtes Angebot an Damen- &hellip; <\/p>\n<p class=\"link-more\"><a href=\"https:\/\/gesunde-kinderschuhe.de\/\" class=\"more-link\"><span class=\"screen-reader-text\">\u201eWillkommen bei Schuhe im Schwarzatal\u201c<\/span> weiterlesen<\/a><\/p>\n","protected":false},"author":1,"featured_media":32,"parent":0,"menu_order":0,"comment_status":"closed","ping_status":"open","template":"","meta":{"footnotes":""},"class_list":["post-4","page","type-page","status-publish","has-post-thumbnail","hentry"],"yoast_head":"<!-- This site is optimized with the Yoast SEO plugin v27.2 - https:\/\/yoast.com\/product\/yoast-seo-wordpress\/ -->\n<title>***Fachgesch\u00e4ft f\u00fcr Kinder- , Wander- und Barfu\u00dfschuhe***<\/title>\n<meta name=\"description\" content=\"+professionell Schuhe kaufen +Beratung +Fu\u00dfmessung +beste Marken +ausgesuchte Qualit\u00e4t +Erfahrung von \u00fcber 30 Jahren +viele zufriedene Kunden\" \/>\n<meta name=\"robots\" content=\"index, follow, max-snippet:-1, max-image-preview:large, max-video-preview:-1\" \/>\n<link rel=\"canonical\" href=\"https:\/\/gesunde-kinderschuhe.de\/\" \/>\n<meta property=\"og:locale\" content=\"de_DE\" \/>\n<meta property=\"og:type\" content=\"article\" \/>\n<meta property=\"og:title\" content=\"***Fachgesch\u00e4ft f\u00fcr Kinder- , Wander- und Barfu\u00dfschuhe***\" \/>\n<meta property=\"og:description\" content=\"+professionell Schuhe kaufen +Beratung +Fu\u00dfmessung +beste Marken +ausgesuchte Qualit\u00e4t +Erfahrung von \u00fcber 30 Jahren +viele zufriedene Kunden\" \/>\n<meta property=\"og:url\" content=\"https:\/\/gesunde-kinderschuhe.de\/\" \/>\n<meta property=\"og:site_name\" content=\"Schuhe im Schwarzatal\" \/>\n<meta property=\"article:modified_time\" content=\"2026-03-30T09:16:00+00:00\" \/>\n<meta property=\"og:image\" content=\"https:\/\/gesunde-kinderschuhe.de\/wp-content\/uploads\/2020\/03\/Startseite.jpg\" \/>\n\t<meta property=\"og:image:width\" content=\"2000\" \/>\n\t<meta property=\"og:image:height\" content=\"1335\" \/>\n\t<meta property=\"og:image:type\" content=\"image\/jpeg\" \/>\n<meta name=\"twitter:card\" content=\"summary_large_image\" \/>\n<meta name=\"twitter:label1\" content=\"Gesch\u00e4tzte Lesezeit\" \/>\n\t<meta name=\"twitter:data1\" content=\"2\u00a0Minuten\" \/>\n<script type=\"application\/ld+json\" class=\"yoast-schema-graph\">{\"@context\":\"https:\/\/schema.org\",\"@graph\":[{\"@type\":\"WebPage\",\"@id\":\"https:\/\/gesunde-kinderschuhe.de\/\",\"url\":\"https:\/\/gesunde-kinderschuhe.de\/\",\"name\":\"***Fachgesch\u00e4ft f\u00fcr Kinder- , Wander- und Barfu\u00dfschuhe***\",\"isPartOf\":{\"@id\":\"https:\/\/gesunde-kinderschuhe.de\/#website\"},\"primaryImageOfPage\":{\"@id\":\"https:\/\/gesunde-kinderschuhe.de\/#primaryimage\"},\"image\":{\"@id\":\"https:\/\/gesunde-kinderschuhe.de\/#primaryimage\"},\"thumbnailUrl\":\"https:\/\/gesunde-kinderschuhe.de\/wp-content\/uploads\/2020\/03\/Startseite.jpg\",\"datePublished\":\"2020-03-04T12:31:29+00:00\",\"dateModified\":\"2026-03-30T09:16:00+00:00\",\"description\":\"+professionell Schuhe kaufen +Beratung +Fu\u00dfmessung +beste Marken +ausgesuchte Qualit\u00e4t +Erfahrung von \u00fcber 30 Jahren +viele zufriedene Kunden\",\"breadcrumb\":{\"@id\":\"https:\/\/gesunde-kinderschuhe.de\/#breadcrumb\"},\"inLanguage\":\"de\",\"potentialAction\":[{\"@type\":\"ReadAction\",\"target\":[\"https:\/\/gesunde-kinderschuhe.de\/\"]}]},{\"@type\":\"ImageObject\",\"inLanguage\":\"de\",\"@id\":\"https:\/\/gesunde-kinderschuhe.de\/#primaryimage\",\"url\":\"https:\/\/gesunde-kinderschuhe.de\/wp-content\/uploads\/2020\/03\/Startseite.jpg\",\"contentUrl\":\"https:\/\/gesunde-kinderschuhe.de\/wp-content\/uploads\/2020\/03\/Startseite.jpg\",\"width\":2000,\"height\":1335},{\"@type\":\"BreadcrumbList\",\"@id\":\"https:\/\/gesunde-kinderschuhe.de\/#breadcrumb\",\"itemListElement\":[{\"@type\":\"ListItem\",\"position\":1,\"name\":\"Startseite\",\"item\":\"https:\/\/gesunde-kinderschuhe.de\/\"},{\"@type\":\"ListItem\",\"position\":2,\"name\":\"Willkommen bei Schuhe im Schwarzatal\"}]},{\"@type\":\"WebSite\",\"@id\":\"https:\/\/gesunde-kinderschuhe.de\/#website\",\"url\":\"https:\/\/gesunde-kinderschuhe.de\/\",\"name\":\"Schuhe im Schwarzatal\",\"description\":\"Fachgesch\u00e4ft f\u00fcr Kinderschuhe, Wanderschuhe, Barfu\u00dfschuhe\",\"potentialAction\":[{\"@type\":\"SearchAction\",\"target\":{\"@type\":\"EntryPoint\",\"urlTemplate\":\"https:\/\/gesunde-kinderschuhe.de\/?s={search_term_string}\"},\"query-input\":{\"@type\":\"PropertyValueSpecification\",\"valueRequired\":true,\"valueName\":\"search_term_string\"}}],\"inLanguage\":\"de\"}]}<\/script>\n<!-- \/ Yoast SEO plugin. -->","yoast_head_json":{"title":"***Fachgesch\u00e4ft f\u00fcr Kinder- , Wander- und Barfu\u00dfschuhe***","description":"+professionell Schuhe kaufen +Beratung +Fu\u00dfmessung +beste Marken +ausgesuchte Qualit\u00e4t +Erfahrung von \u00fcber 30 Jahren +viele zufriedene Kunden","robots":{"index":"index","follow":"follow","max-snippet":"max-snippet:-1","max-image-preview":"max-image-preview:large","max-video-preview":"max-video-preview:-1"},"canonical":"https:\/\/gesunde-kinderschuhe.de\/","og_locale":"de_DE","og_type":"article","og_title":"***Fachgesch\u00e4ft f\u00fcr Kinder- , Wander- und Barfu\u00dfschuhe***","og_description":"+professionell Schuhe kaufen +Beratung +Fu\u00dfmessung +beste Marken +ausgesuchte Qualit\u00e4t +Erfahrung von \u00fcber 30 Jahren +viele zufriedene Kunden","og_url":"https:\/\/gesunde-kinderschuhe.de\/","og_site_name":"Schuhe im Schwarzatal","article_modified_time":"2026-03-30T09:16:00+00:00","og_image":[{"width":2000,"height":1335,"url":"https:\/\/gesunde-kinderschuhe.de\/wp-content\/uploads\/2020\/03\/Startseite.jpg","type":"image\/jpeg"}],"twitter_card":"summary_large_image","twitter_misc":{"Gesch\u00e4tzte Lesezeit":"2\u00a0Minuten"},"schema":{"@context":"https:\/\/schema.org","@graph":[{"@type":"WebPage","@id":"https:\/\/gesunde-kinderschuhe.de\/","url":"https:\/\/gesunde-kinderschuhe.de\/","name":"***Fachgesch\u00e4ft f\u00fcr Kinder- , Wander- und Barfu\u00dfschuhe***","isPartOf":{"@id":"https:\/\/gesunde-kinderschuhe.de\/#website"},"primaryImageOfPage":{"@id":"https:\/\/gesunde-kinderschuhe.de\/#primaryimage"},"image":{"@id":"https:\/\/gesunde-kinderschuhe.de\/#primaryimage"},"thumbnailUrl":"https:\/\/gesunde-kinderschuhe.de\/wp-content\/uploads\/2020\/03\/Startseite.jpg","datePublished":"2020-03-04T12:31:29+00:00","dateModified":"2026-03-30T09:16:00+00:00","description":"+professionell Schuhe kaufen +Beratung +Fu\u00dfmessung +beste Marken +ausgesuchte Qualit\u00e4t +Erfahrung von \u00fcber 30 Jahren +viele zufriedene Kunden","breadcrumb":{"@id":"https:\/\/gesunde-kinderschuhe.de\/#breadcrumb"},"inLanguage":"de","potentialAction":[{"@type":"ReadAction","target":["https:\/\/gesunde-kinderschuhe.de\/"]}]},{"@type":"ImageObject","inLanguage":"de","@id":"https:\/\/gesunde-kinderschuhe.de\/#primaryimage","url":"https:\/\/gesunde-kinderschuhe.de\/wp-content\/uploads\/2020\/03\/Startseite.jpg","contentUrl":"https:\/\/gesunde-kinderschuhe.de\/wp-content\/uploads\/2020\/03\/Startseite.jpg","width":2000,"height":1335},{"@type":"BreadcrumbList","@id":"https:\/\/gesunde-kinderschuhe.de\/#breadcrumb","itemListElement":[{"@type":"ListItem","position":1,"name":"Startseite","item":"https:\/\/gesunde-kinderschuhe.de\/"},{"@type":"ListItem","position":2,"name":"Willkommen bei Schuhe im Schwarzatal"}]},{"@type":"WebSite","@id":"https:\/\/gesunde-kinderschuhe.de\/#website","url":"https:\/\/gesunde-kinderschuhe.de\/","name":"Schuhe im Schwarzatal","description":"Fachgesch\u00e4ft f\u00fcr Kinderschuhe, Wanderschuhe, Barfu\u00dfschuhe","potentialAction":[{"@type":"SearchAction","target":{"@type":"EntryPoint","urlTemplate":"https:\/\/gesunde-kinderschuhe.de\/?s={search_term_string}"},"query-input":{"@type":"PropertyValueSpecification","valueRequired":true,"valueName":"search_term_string"}}],"inLanguage":"de"}]}},"_links":{"self":[{"href":"https:\/\/gesunde-kinderschuhe.de\/index.php?rest_route=\/wp\/v2\/pages\/4","targetHints":{"allow":["GET"]}}],"collection":[{"href":"https:\/\/gesunde-kinderschuhe.de\/index.php?rest_route=\/wp\/v2\/pages"}],"about":[{"href":"https:\/\/gesunde-kinderschuhe.de\/index.php?rest_route=\/wp\/v2\/types\/page"}],"author":[{"embeddable":true,"href":"https:\/\/gesunde-kinderschuhe.de\/index.php?rest_route=\/wp\/v2\/users\/1"}],"replies":[{"embeddable":true,"href":"https:\/\/gesunde-kinderschuhe.de\/index.php?rest_route=%2Fwp%2Fv2%2Fcomments&post=4"}],"version-history":[{"count":137,"href":"https:\/\/gesunde-kinderschuhe.de\/index.php?rest_route=\/wp\/v2\/pages\/4\/revisions"}],"predecessor-version":[{"id":1392,"href":"https:\/\/gesunde-kinderschuhe.de\/index.php?rest_route=\/wp\/v2\/pages\/4\/revisions\/1392"}],"wp:featuredmedia":[{"embeddable":true,"href":"https:\/\/gesunde-kinderschuhe.de\/index.php?rest_route=\/wp\/v2\/media\/32"}],"wp:attachment":[{"href":"https:\/\/gesunde-kinderschuhe.de\/index.php?rest_route=%2Fwp%2Fv2%2Fmedia&parent=4"}],"curies":[{"name":"wp","href":"https:\/\/api.w.org\/{rel}","templated":true}]}}