{"id":35,"date":"2020-03-04T14:22:46","date_gmt":"2020-03-04T14:22:46","guid":{"rendered":"https:\/\/gesunde-kinderschuhe.de\/?page_id=35"},"modified":"2024-01-30T14:06:22","modified_gmt":"2024-01-30T14:06:22","slug":"impressum","status":"publish","type":"page","link":"https:\/\/gesunde-kinderschuhe.de\/?page_id=35","title":{"rendered":"Impressum"},"content":{"rendered":"\n<figure class=\"wp-block-table\"><table><tbody><tr><td> <br><strong><br>Impressum, Kontakt, Datenschutz<\/strong><br><br><br><br><br><strong>Impressum<\/strong><br><br><br><strong>Angaben gem\u00e4\u00df \u00a7&nbsp; 5 TMG<\/strong><br><br><br>Benno Keller<br><br>Schuhe im Schwarzatal<br><br>Burkersdorfer Str. 7<br><br>07427 Schwarzburg<br><br><strong>Kontakt<\/strong><br><br><br>Telefon: 03673022261<br><br>Telefax: 03673022261<br><br>E-Mail: bennokeller@gmx.de<br><br><strong>Umsatzsteuer<\/strong><br><br><br>Umsatzsteuer-Identifikationsnummer gem. \u00a7 27 a Umsatzsteuergesetz:<br><br>DE150687870<br><br><strong>Verantwortlich f\u00fcr den Inhalt nach \u00a7 55 Abs. 2 RStV<\/strong><br><br><br>Benno Keller<br><br>Burkersdorfer Str. 7<br><br>07427 Schwarzburg<br><br><strong>Streitschlichtung<\/strong><br><br><br>Die Europ\u00e4ische Kommission stellt eine Plattform zur Online-Streitbeilegung (OS) bereit:<br><br><a rel=\"noreferrer noopener\" aria-label=\"https:\/\/ec.europa.eu\/consumers\/odr (opens in a new tab)\" href=\"http:\/\/ec.europa.eu\/odr\" target=\"_blank\">https:\/\/ec.europa.eu\/consumers\/odr<\/a><a href=\"https:\/\/ec.europa.eu\/consumers\/odr.\"><br><\/a><br>Unsere E-Mail-Adresse finden Sie oben im Impressum.<br><br>Wir sind nicht bereit oder verpflichtet, an Streitbeilegungsverfahren vor einer<br>Verbraucherschlichtungsstelle teilzunehmen.<br><br><strong>Haftung f\u00fcr Inhalte<\/strong><br><br>Als Diensteanbieter sind wir gem\u00e4\u00df \u00a7 7 Abs.1 TMG f\u00fcr eigene Inhalte auf diesen Seiten nach den<br> allgemeinen Gesetzen verantwortlich. Nach \u00a7\u00a7 8 bis 10 TMG sind wir als Diensteanbieter jedoch nicht<br> verpflichtet, \u00fcbermittelte oder gespeicherte fremde Informationen zu \u00fcberwachen oder nach Umst\u00e4nden zu<br> forschen, die auf eine rechtswidrige T\u00e4tigkeit hinweisen.<br> Verpflichtungen zur Entfernung oder Sperrung der Nutzung von Informationen nach den allgemeinen<br> Gesetzen bleiben hiervon unber\u00fchrt. Eine diesbez\u00fcgliche Haftung ist jedoch erst ab dem Zeitpunkt der<br> Kenntnis einer konkreten Rechtsverletzung m\u00f6glich. Bei Bekanntwerden von entsprechenden<br> Rechtsverletzungen werden wir diese Inhalte umgehend entfernen.<br><br> <strong>Haftung f\u00fcr Links<\/strong><br><br> Unser Angebot enth\u00e4lt Links zu externen Websites Dritter, auf deren Inhalte wir keinen Einfluss haben.<br> Deshalb k\u00f6nnen wir f\u00fcr diese fremden Inhalte auch keine Gew\u00e4hr \u00fcbernehmen. F\u00fcr die Inhalte der<br> verlinkten Seiten ist stets der jeweilige Anbieter oder Betreiber der Seiten verantwortlich. Die verlinkten<br> Seiten wurden zum Zeitpunkt der Verlinkung auf m\u00f6gliche Rechtsverst\u00f6\u00dfe \u00fcberpr\u00fcft. Rechtswidrige Inhalte<br> waren zum Zeitpunkt der Verlinkung nicht erkennbar.<br> Eine permanente inhaltliche Kontrolle der verlinkten Seiten ist jedoch ohne konkrete Anhaltspunkte einer<br> Rechtsverletzung nicht zumutbar. Bei Bekanntwerden von Rechtsverletzungen werden wir derartige Links<br> umgehend entfernen.<br><br> <strong>Urheberrecht<\/strong><br><br>Die durch die Seitenbetreiber erstellten Inhalte und Werke auf diesen Seiten unterliegen dem deutschen<br> Urheberrecht. Die Vervielf\u00e4ltigung, Bearbeitung, Verbreitung und jede Art der Verwertung au\u00dferhalb der<br> Grenzen des Urheberrechtes bed\u00fcrfen der schriftlichen Zustimmung des jeweiligen Autors bzw. Erstellers.<br> Downloads und Kopien dieser Seite sind nur f\u00fcr den privaten, nicht kommerziellen Gebrauch gestattet.<br> Soweit die Inhalte auf dieser Seite nicht vom Betreiber erstellt wurden, werden die Urheberrechte Dritter<br> beachtet. Insbesondere werden Inhalte Dritter als solche gekennzeichnet. Sollten Sie trotzdem auf eine<br> Urheberrechtsverletzung aufmerksam werden, bitten wir um einen entsprechenden Hinweis. Bei<br> Bekanntwerden von Rechtsverletzungen werden wir derartige Inhalte umgehend entfernen.<br> Quelle:<br> https:\/\/www.e-recht24.de\/impressum-generator.html<br><\/td><\/tr><\/tbody><\/table><\/figure>\n\n\n\n<p><a href=\"https:\/\/gesunde-kinderschuhe.de\/?page_id=36\"><strong>Zur Datenschutzerkl\u00e4rung<\/strong><\/a><\/p>\n\n\n\n<p> Alle Markennamen, Warenzeichen und eingetragenen Warenzeichen, welche auf dieser Website verwendet werden, sind Eigentum ihrer rechtm\u00e4\u00dfigen Inhaber. Sie dienen hier nur der Beschreibung bzw. der Identifikation der jeweiligen Hersteller, Produkte und Dienstleistungen. Eine Haftung f\u00fcr die Richtigkeit, Vollst\u00e4ndigkeit und Aktualit\u00e4t wird nicht \u00fcbernommen. <\/p>\n","protected":false},"excerpt":{"rendered":"<p>Impressum, Kontakt, Datenschutz Impressum Angaben gem\u00e4\u00df \u00a7&nbsp; 5 TMG Benno Keller Schuhe im Schwarzatal Burkersdorfer Str. 7 07427 Schwarzburg Kontakt Telefon: 03673022261 Telefax: 03673022261 E-Mail: bennokeller@gmx.de Umsatzsteuer Umsatzsteuer-Identifikationsnummer gem. \u00a7 &hellip; <\/p>\n<p class=\"link-more\"><a href=\"https:\/\/gesunde-kinderschuhe.de\/?page_id=35\" class=\"more-link\"><span class=\"screen-reader-text\">\u201eImpressum\u201c<\/span> weiterlesen<\/a><\/p>\n","protected":false},"author":1,"featured_media":0,"parent":0,"menu_order":0,"comment_status":"closed","ping_status":"closed","template":"","meta":{"footnotes":""},"class_list":["post-35","page","type-page","status-publish","hentry"],"yoast_head":"<!-- This site is optimized with the Yoast SEO plugin v27.2 - https:\/\/yoast.com\/product\/yoast-seo-wordpress\/ -->\n<title>Impressum - Schuhe im Schwarzatal<\/title>\n<meta name=\"robots\" content=\"index, follow, max-snippet:-1, max-image-preview:large, max-video-preview:-1\" \/>\n<link rel=\"canonical\" href=\"https:\/\/gesunde-kinderschuhe.de\/?page_id=35\" \/>\n<meta property=\"og:locale\" content=\"de_DE\" \/>\n<meta property=\"og:type\" content=\"article\" \/>\n<meta property=\"og:title\" content=\"Impressum - Schuhe im Schwarzatal\" \/>\n<meta property=\"og:description\" content=\"Impressum, Kontakt, Datenschutz Impressum Angaben gem\u00e4\u00df \u00a7&nbsp; 5 TMG Benno Keller Schuhe im Schwarzatal Burkersdorfer Str. 7 07427 Schwarzburg Kontakt Telefon: 03673022261 Telefax: 03673022261 E-Mail: bennokeller@gmx.de Umsatzsteuer Umsatzsteuer-Identifikationsnummer gem. \u00a7 &hellip; \u201eImpressum\u201c weiterlesen\" \/>\n<meta property=\"og:url\" content=\"https:\/\/gesunde-kinderschuhe.de\/?page_id=35\" \/>\n<meta property=\"og:site_name\" content=\"Schuhe im Schwarzatal\" \/>\n<meta property=\"article:modified_time\" content=\"2024-01-30T14:06:22+00:00\" \/>\n<meta name=\"twitter:card\" content=\"summary_large_image\" \/>\n<meta name=\"twitter:label1\" content=\"Gesch\u00e4tzte Lesezeit\" \/>\n\t<meta name=\"twitter:data1\" content=\"3\u00a0Minuten\" \/>\n<script type=\"application\/ld+json\" class=\"yoast-schema-graph\">{\"@context\":\"https:\/\/schema.org\",\"@graph\":[{\"@type\":\"WebPage\",\"@id\":\"https:\/\/gesunde-kinderschuhe.de\/?page_id=35\",\"url\":\"https:\/\/gesunde-kinderschuhe.de\/?page_id=35\",\"name\":\"Impressum - Schuhe im Schwarzatal\",\"isPartOf\":{\"@id\":\"https:\/\/gesunde-kinderschuhe.de\/#website\"},\"datePublished\":\"2020-03-04T14:22:46+00:00\",\"dateModified\":\"2024-01-30T14:06:22+00:00\",\"breadcrumb\":{\"@id\":\"https:\/\/gesunde-kinderschuhe.de\/?page_id=35#breadcrumb\"},\"inLanguage\":\"de\",\"potentialAction\":[{\"@type\":\"ReadAction\",\"target\":[\"https:\/\/gesunde-kinderschuhe.de\/?page_id=35\"]}]},{\"@type\":\"BreadcrumbList\",\"@id\":\"https:\/\/gesunde-kinderschuhe.de\/?page_id=35#breadcrumb\",\"itemListElement\":[{\"@type\":\"ListItem\",\"position\":1,\"name\":\"Startseite\",\"item\":\"https:\/\/gesunde-kinderschuhe.de\/\"},{\"@type\":\"ListItem\",\"position\":2,\"name\":\"Impressum\"}]},{\"@type\":\"WebSite\",\"@id\":\"https:\/\/gesunde-kinderschuhe.de\/#website\",\"url\":\"https:\/\/gesunde-kinderschuhe.de\/\",\"name\":\"Schuhe im Schwarzatal\",\"description\":\"Fachgesch\u00e4ft f\u00fcr Kinderschuhe, Wanderschuhe, Barfu\u00dfschuhe\",\"potentialAction\":[{\"@type\":\"SearchAction\",\"target\":{\"@type\":\"EntryPoint\",\"urlTemplate\":\"https:\/\/gesunde-kinderschuhe.de\/?s={search_term_string}\"},\"query-input\":{\"@type\":\"PropertyValueSpecification\",\"valueRequired\":true,\"valueName\":\"search_term_string\"}}],\"inLanguage\":\"de\"}]}<\/script>\n<!-- \/ Yoast SEO plugin. -->","yoast_head_json":{"title":"Impressum - Schuhe im Schwarzatal","robots":{"index":"index","follow":"follow","max-snippet":"max-snippet:-1","max-image-preview":"max-image-preview:large","max-video-preview":"max-video-preview:-1"},"canonical":"https:\/\/gesunde-kinderschuhe.de\/?page_id=35","og_locale":"de_DE","og_type":"article","og_title":"Impressum - Schuhe im Schwarzatal","og_description":"Impressum, Kontakt, Datenschutz Impressum Angaben gem\u00e4\u00df \u00a7&nbsp; 5 TMG Benno Keller Schuhe im Schwarzatal Burkersdorfer Str. 7 07427 Schwarzburg Kontakt Telefon: 03673022261 Telefax: 03673022261 E-Mail: bennokeller@gmx.de Umsatzsteuer Umsatzsteuer-Identifikationsnummer gem. \u00a7 &hellip; \u201eImpressum\u201c weiterlesen","og_url":"https:\/\/gesunde-kinderschuhe.de\/?page_id=35","og_site_name":"Schuhe im Schwarzatal","article_modified_time":"2024-01-30T14:06:22+00:00","twitter_card":"summary_large_image","twitter_misc":{"Gesch\u00e4tzte Lesezeit":"3\u00a0Minuten"},"schema":{"@context":"https:\/\/schema.org","@graph":[{"@type":"WebPage","@id":"https:\/\/gesunde-kinderschuhe.de\/?page_id=35","url":"https:\/\/gesunde-kinderschuhe.de\/?page_id=35","name":"Impressum - Schuhe im Schwarzatal","isPartOf":{"@id":"https:\/\/gesunde-kinderschuhe.de\/#website"},"datePublished":"2020-03-04T14:22:46+00:00","dateModified":"2024-01-30T14:06:22+00:00","breadcrumb":{"@id":"https:\/\/gesunde-kinderschuhe.de\/?page_id=35#breadcrumb"},"inLanguage":"de","potentialAction":[{"@type":"ReadAction","target":["https:\/\/gesunde-kinderschuhe.de\/?page_id=35"]}]},{"@type":"BreadcrumbList","@id":"https:\/\/gesunde-kinderschuhe.de\/?page_id=35#breadcrumb","itemListElement":[{"@type":"ListItem","position":1,"name":"Startseite","item":"https:\/\/gesunde-kinderschuhe.de\/"},{"@type":"ListItem","position":2,"name":"Impressum"}]},{"@type":"WebSite","@id":"https:\/\/gesunde-kinderschuhe.de\/#website","url":"https:\/\/gesunde-kinderschuhe.de\/","name":"Schuhe im Schwarzatal","description":"Fachgesch\u00e4ft f\u00fcr Kinderschuhe, Wanderschuhe, Barfu\u00dfschuhe","potentialAction":[{"@type":"SearchAction","target":{"@type":"EntryPoint","urlTemplate":"https:\/\/gesunde-kinderschuhe.de\/?s={search_term_string}"},"query-input":{"@type":"PropertyValueSpecification","valueRequired":true,"valueName":"search_term_string"}}],"inLanguage":"de"}]}},"_links":{"self":[{"href":"https:\/\/gesunde-kinderschuhe.de\/index.php?rest_route=\/wp\/v2\/pages\/35","targetHints":{"allow":["GET"]}}],"collection":[{"href":"https:\/\/gesunde-kinderschuhe.de\/index.php?rest_route=\/wp\/v2\/pages"}],"about":[{"href":"https:\/\/gesunde-kinderschuhe.de\/index.php?rest_route=\/wp\/v2\/types\/page"}],"author":[{"embeddable":true,"href":"https:\/\/gesunde-kinderschuhe.de\/index.php?rest_route=\/wp\/v2\/users\/1"}],"replies":[{"embeddable":true,"href":"https:\/\/gesunde-kinderschuhe.de\/index.php?rest_route=%2Fwp%2Fv2%2Fcomments&post=35"}],"version-history":[{"count":10,"href":"https:\/\/gesunde-kinderschuhe.de\/index.php?rest_route=\/wp\/v2\/pages\/35\/revisions"}],"predecessor-version":[{"id":1170,"href":"https:\/\/gesunde-kinderschuhe.de\/index.php?rest_route=\/wp\/v2\/pages\/35\/revisions\/1170"}],"wp:attachment":[{"href":"https:\/\/gesunde-kinderschuhe.de\/index.php?rest_route=%2Fwp%2Fv2%2Fmedia&parent=35"}],"curies":[{"name":"wp","href":"https:\/\/api.w.org\/{rel}","templated":true}]}}