{"id":281,"date":"2020-03-06T14:05:39","date_gmt":"2020-03-06T14:05:39","guid":{"rendered":"https:\/\/gesunde-kinderschuhe.de\/?page_id=281"},"modified":"2020-05-12T12:44:28","modified_gmt":"2020-05-12T12:44:28","slug":"wachstumsentwicklung","status":"publish","type":"page","link":"https:\/\/gesunde-kinderschuhe.de\/?page_id=281","title":{"rendered":"Wachstumsentwicklung"},"content":{"rendered":"\n<p>Kennen Sie das auch?<\/p>\n<p>Kaum f\u00e4ngt der S\u00e4ugling zu laufen an und beginnt die Welt zu entdecken, dann werden aus den O-Beinen mit der Zeit X-Beine. Sp\u00e4testens jetzt werden Eltern h\u00e4ufig stutzig und fragen sich: ist das normal, braucht unser Kind wom\u00f6glich Einlagen?<br>Bitte denken Sie immer daran, dass der menschliche Bewegungsapparat&nbsp;<b>eines<\/b>&nbsp;zur gesunden Entwicklung garantiert&nbsp;<b>nicht<\/b>&nbsp;braucht &#8211; Schuhe. Muskeln, Sehnen, B\u00e4nder usw. sind so konstruiert, dass sie sich in Freiheit am allerbesten entwickeln.<\/p>\n\n\n\n<figure class=\"wp-block-gallery columns-1 is-cropped wp-block-gallery-2 is-layout-flex wp-block-gallery-is-layout-flex\"><ul class=\"blocks-gallery-grid\"><li class=\"blocks-gallery-item\"><figure><img loading=\"lazy\" decoding=\"async\" width=\"153\" height=\"237\" src=\"https:\/\/gesunde-kinderschuhe.de\/wp-content\/uploads\/2020\/03\/Knickfuss.jpg\" alt=\"\" data-id=\"288\" data-full-url=\"https:\/\/gesunde-kinderschuhe.de\/wp-content\/uploads\/2020\/03\/Knickfuss.jpg\" data-link=\"https:\/\/gesunde-kinderschuhe.de\/wachstumsentwicklung\/knickfuss\" class=\"wp-image-288\"\/><\/figure><\/li><\/ul><\/figure>\n\n\n\n<p>Schuhe sind also allenfalls ein \u201cnotwendiger Bekleidungsgegenstand\u201d. Also ist es wichtig, dass die Schuhe das Laufen bzw. Laufenlernen so wenig wie m\u00f6glich behindern. Zu diesem Zweck muss ein Schuh zu allererst richtig passen. Nur bei WMS-Schuhen haben Sie die Gew\u00e4hr, dass die am Schuh und am Karton ausgezeichnete Gr\u00f6\u00dfe der Brandsohlenl\u00e4nge (Innensohle) und somit der Innenl\u00e4nge des Schuhes entspricht. Ein Fu\u00df mit der Gr\u00f6\u00dfe 24 findet in einem WMS-Schuh der Gr\u00f6\u00dfe 24 genau ausreichend Platz, um bis zum Erreichen der n\u00e4chsten Gr\u00f6\u00dfe nicht behindert zu werden. Sollte der Schuh in Gr\u00f6\u00dfe 24 trotzdem nicht richtig passen, dann ist er entweder zu schmal oder zu weit. Aus diesem Grund gibt es die WMS-Schuhe in drei Weiten. Die Weite ist beim Anpassen des Schuhes also f\u00fchrend.<br \/>Gerade im Kleinkindalter ist die ungehinderte Reifung verschiedener Organsysteme, neben den Sinnesorganen, der Sprachbildung auch die des Bewegungsapparates sehr wichtig, da sie sp\u00e4ter nur noch unvollkommen zu erreichen ist.<br \/><b>Fehler die hier geschehen sind oft nie mehr wieder gut zu machen.<br \/><\/b>An dieser Stelle muss vor gesundheitssch\u00e4dlichen Schuhen geradezu gewarnt werden. Sie gibt es an jeder Ecke und oft fragen Eltern, warum \u00fcberhaupt solche Schuhe angeboten und gehandelt werden. Aber darauf ist einfach zu antworten: Zigaretten gibt es auch f\u00fcr jeden an jeder Ecke!<br \/>Nicht nur, dass viele Kinderschuhe von der angegebenen Gr\u00f6\u00dfe um bis zu drei (!) Nummern abweichen, auch entsprechen die Verh\u00e4ltnisse von L\u00e4nge zu Weite oder von Vorfu\u00df zu R\u00fcckfu\u00df in vielen F\u00e4llen \u00fcberhaupt nicht den Anforderungen an einen auch nur halbwegs guten Kinderschuh.<br \/>Wenn Sie wirklich Wert auf gute Kinderschuhe legen, dann achten Sie auf diese Punkte:<br \/>&#8211; F\u00fc\u00dfe auf dem WMS-Messger\u00e4t messen lassen<br \/>&#8211; entsprechende WMS-Schuhe oder nach WMS-Richtlinien gefertigte Schuhe ausw\u00e4hlen<br \/>&#8211; regelm\u00e4\u00dfig nachmessen lassen.<br \/><b>Nur dann k\u00f6nnen Sie sicher sein, das Beste f\u00fcr die F\u00fc\u00dfe Ihres Kindes gekauft zu haben.<\/b><\/p>\n","protected":false},"excerpt":{"rendered":"<p>Kennen Sie das auch? Kaum f\u00e4ngt der S\u00e4ugling zu laufen an und beginnt die Welt zu entdecken, dann werden aus den O-Beinen mit der Zeit X-Beine. Sp\u00e4testens jetzt werden Eltern &hellip; <\/p>\n<p class=\"link-more\"><a href=\"https:\/\/gesunde-kinderschuhe.de\/?page_id=281\" class=\"more-link\"><span class=\"screen-reader-text\">\u201eWachstumsentwicklung\u201c<\/span> weiterlesen<\/a><\/p>\n","protected":false},"author":1,"featured_media":0,"parent":0,"menu_order":0,"comment_status":"closed","ping_status":"closed","template":"","meta":{"footnotes":""},"class_list":["post-281","page","type-page","status-publish","hentry"],"yoast_head":"<!-- This site is optimized with the Yoast SEO plugin v27.2 - https:\/\/yoast.com\/product\/yoast-seo-wordpress\/ -->\n<title>Wachstumsentwicklung - Schuhe im Schwarzatal<\/title>\n<meta name=\"robots\" content=\"index, follow, max-snippet:-1, max-image-preview:large, max-video-preview:-1\" \/>\n<link rel=\"canonical\" href=\"https:\/\/gesunde-kinderschuhe.de\/?page_id=281\" \/>\n<meta property=\"og:locale\" content=\"de_DE\" \/>\n<meta property=\"og:type\" content=\"article\" \/>\n<meta property=\"og:title\" content=\"Wachstumsentwicklung - Schuhe im Schwarzatal\" \/>\n<meta property=\"og:description\" content=\"Kennen Sie das auch? Kaum f\u00e4ngt der S\u00e4ugling zu laufen an und beginnt die Welt zu entdecken, dann werden aus den O-Beinen mit der Zeit X-Beine. Sp\u00e4testens jetzt werden Eltern &hellip; \u201eWachstumsentwicklung\u201c weiterlesen\" \/>\n<meta property=\"og:url\" content=\"https:\/\/gesunde-kinderschuhe.de\/?page_id=281\" \/>\n<meta property=\"og:site_name\" content=\"Schuhe im Schwarzatal\" \/>\n<meta property=\"article:modified_time\" content=\"2020-05-12T12:44:28+00:00\" \/>\n<meta property=\"og:image\" content=\"https:\/\/gesunde-kinderschuhe.de\/wp-content\/uploads\/2020\/03\/Knickfuss.jpg\" \/>\n<meta name=\"twitter:card\" content=\"summary_large_image\" \/>\n<meta name=\"twitter:label1\" content=\"Gesch\u00e4tzte Lesezeit\" \/>\n\t<meta name=\"twitter:data1\" content=\"2\u00a0Minuten\" \/>\n<script type=\"application\/ld+json\" class=\"yoast-schema-graph\">{\"@context\":\"https:\/\/schema.org\",\"@graph\":[{\"@type\":\"WebPage\",\"@id\":\"https:\/\/gesunde-kinderschuhe.de\/?page_id=281\",\"url\":\"https:\/\/gesunde-kinderschuhe.de\/?page_id=281\",\"name\":\"Wachstumsentwicklung - Schuhe im Schwarzatal\",\"isPartOf\":{\"@id\":\"https:\/\/gesunde-kinderschuhe.de\/#website\"},\"primaryImageOfPage\":{\"@id\":\"https:\/\/gesunde-kinderschuhe.de\/?page_id=281#primaryimage\"},\"image\":{\"@id\":\"https:\/\/gesunde-kinderschuhe.de\/?page_id=281#primaryimage\"},\"thumbnailUrl\":\"https:\/\/gesunde-kinderschuhe.de\/wp-content\/uploads\/2020\/03\/Knickfuss.jpg\",\"datePublished\":\"2020-03-06T14:05:39+00:00\",\"dateModified\":\"2020-05-12T12:44:28+00:00\",\"breadcrumb\":{\"@id\":\"https:\/\/gesunde-kinderschuhe.de\/?page_id=281#breadcrumb\"},\"inLanguage\":\"de\",\"potentialAction\":[{\"@type\":\"ReadAction\",\"target\":[\"https:\/\/gesunde-kinderschuhe.de\/?page_id=281\"]}]},{\"@type\":\"ImageObject\",\"inLanguage\":\"de\",\"@id\":\"https:\/\/gesunde-kinderschuhe.de\/?page_id=281#primaryimage\",\"url\":\"https:\/\/gesunde-kinderschuhe.de\/wp-content\/uploads\/2020\/03\/Knickfuss.jpg\",\"contentUrl\":\"https:\/\/gesunde-kinderschuhe.de\/wp-content\/uploads\/2020\/03\/Knickfuss.jpg\",\"width\":153,\"height\":237},{\"@type\":\"BreadcrumbList\",\"@id\":\"https:\/\/gesunde-kinderschuhe.de\/?page_id=281#breadcrumb\",\"itemListElement\":[{\"@type\":\"ListItem\",\"position\":1,\"name\":\"Startseite\",\"item\":\"https:\/\/gesunde-kinderschuhe.de\/\"},{\"@type\":\"ListItem\",\"position\":2,\"name\":\"Wachstumsentwicklung\"}]},{\"@type\":\"WebSite\",\"@id\":\"https:\/\/gesunde-kinderschuhe.de\/#website\",\"url\":\"https:\/\/gesunde-kinderschuhe.de\/\",\"name\":\"Schuhe im Schwarzatal\",\"description\":\"Fachgesch\u00e4ft f\u00fcr Kinderschuhe, Wanderschuhe, Barfu\u00dfschuhe\",\"potentialAction\":[{\"@type\":\"SearchAction\",\"target\":{\"@type\":\"EntryPoint\",\"urlTemplate\":\"https:\/\/gesunde-kinderschuhe.de\/?s={search_term_string}\"},\"query-input\":{\"@type\":\"PropertyValueSpecification\",\"valueRequired\":true,\"valueName\":\"search_term_string\"}}],\"inLanguage\":\"de\"}]}<\/script>\n<!-- \/ Yoast SEO plugin. -->","yoast_head_json":{"title":"Wachstumsentwicklung - Schuhe im Schwarzatal","robots":{"index":"index","follow":"follow","max-snippet":"max-snippet:-1","max-image-preview":"max-image-preview:large","max-video-preview":"max-video-preview:-1"},"canonical":"https:\/\/gesunde-kinderschuhe.de\/?page_id=281","og_locale":"de_DE","og_type":"article","og_title":"Wachstumsentwicklung - Schuhe im Schwarzatal","og_description":"Kennen Sie das auch? Kaum f\u00e4ngt der S\u00e4ugling zu laufen an und beginnt die Welt zu entdecken, dann werden aus den O-Beinen mit der Zeit X-Beine. Sp\u00e4testens jetzt werden Eltern &hellip; \u201eWachstumsentwicklung\u201c weiterlesen","og_url":"https:\/\/gesunde-kinderschuhe.de\/?page_id=281","og_site_name":"Schuhe im Schwarzatal","article_modified_time":"2020-05-12T12:44:28+00:00","og_image":[{"url":"https:\/\/gesunde-kinderschuhe.de\/wp-content\/uploads\/2020\/03\/Knickfuss.jpg","type":"","width":"","height":""}],"twitter_card":"summary_large_image","twitter_misc":{"Gesch\u00e4tzte Lesezeit":"2\u00a0Minuten"},"schema":{"@context":"https:\/\/schema.org","@graph":[{"@type":"WebPage","@id":"https:\/\/gesunde-kinderschuhe.de\/?page_id=281","url":"https:\/\/gesunde-kinderschuhe.de\/?page_id=281","name":"Wachstumsentwicklung - Schuhe im Schwarzatal","isPartOf":{"@id":"https:\/\/gesunde-kinderschuhe.de\/#website"},"primaryImageOfPage":{"@id":"https:\/\/gesunde-kinderschuhe.de\/?page_id=281#primaryimage"},"image":{"@id":"https:\/\/gesunde-kinderschuhe.de\/?page_id=281#primaryimage"},"thumbnailUrl":"https:\/\/gesunde-kinderschuhe.de\/wp-content\/uploads\/2020\/03\/Knickfuss.jpg","datePublished":"2020-03-06T14:05:39+00:00","dateModified":"2020-05-12T12:44:28+00:00","breadcrumb":{"@id":"https:\/\/gesunde-kinderschuhe.de\/?page_id=281#breadcrumb"},"inLanguage":"de","potentialAction":[{"@type":"ReadAction","target":["https:\/\/gesunde-kinderschuhe.de\/?page_id=281"]}]},{"@type":"ImageObject","inLanguage":"de","@id":"https:\/\/gesunde-kinderschuhe.de\/?page_id=281#primaryimage","url":"https:\/\/gesunde-kinderschuhe.de\/wp-content\/uploads\/2020\/03\/Knickfuss.jpg","contentUrl":"https:\/\/gesunde-kinderschuhe.de\/wp-content\/uploads\/2020\/03\/Knickfuss.jpg","width":153,"height":237},{"@type":"BreadcrumbList","@id":"https:\/\/gesunde-kinderschuhe.de\/?page_id=281#breadcrumb","itemListElement":[{"@type":"ListItem","position":1,"name":"Startseite","item":"https:\/\/gesunde-kinderschuhe.de\/"},{"@type":"ListItem","position":2,"name":"Wachstumsentwicklung"}]},{"@type":"WebSite","@id":"https:\/\/gesunde-kinderschuhe.de\/#website","url":"https:\/\/gesunde-kinderschuhe.de\/","name":"Schuhe im Schwarzatal","description":"Fachgesch\u00e4ft f\u00fcr Kinderschuhe, Wanderschuhe, Barfu\u00dfschuhe","potentialAction":[{"@type":"SearchAction","target":{"@type":"EntryPoint","urlTemplate":"https:\/\/gesunde-kinderschuhe.de\/?s={search_term_string}"},"query-input":{"@type":"PropertyValueSpecification","valueRequired":true,"valueName":"search_term_string"}}],"inLanguage":"de"}]}},"_links":{"self":[{"href":"https:\/\/gesunde-kinderschuhe.de\/index.php?rest_route=\/wp\/v2\/pages\/281","targetHints":{"allow":["GET"]}}],"collection":[{"href":"https:\/\/gesunde-kinderschuhe.de\/index.php?rest_route=\/wp\/v2\/pages"}],"about":[{"href":"https:\/\/gesunde-kinderschuhe.de\/index.php?rest_route=\/wp\/v2\/types\/page"}],"author":[{"embeddable":true,"href":"https:\/\/gesunde-kinderschuhe.de\/index.php?rest_route=\/wp\/v2\/users\/1"}],"replies":[{"embeddable":true,"href":"https:\/\/gesunde-kinderschuhe.de\/index.php?rest_route=%2Fwp%2Fv2%2Fcomments&post=281"}],"version-history":[{"count":4,"href":"https:\/\/gesunde-kinderschuhe.de\/index.php?rest_route=\/wp\/v2\/pages\/281\/revisions"}],"predecessor-version":[{"id":449,"href":"https:\/\/gesunde-kinderschuhe.de\/index.php?rest_route=\/wp\/v2\/pages\/281\/revisions\/449"}],"wp:attachment":[{"href":"https:\/\/gesunde-kinderschuhe.de\/index.php?rest_route=%2Fwp%2Fv2%2Fmedia&parent=281"}],"curies":[{"name":"wp","href":"https:\/\/api.w.org\/{rel}","templated":true}]}}