{"id":265,"date":"2020-03-06T13:54:27","date_gmt":"2020-03-06T13:54:27","guid":{"rendered":"https:\/\/gesunde-kinderschuhe.de\/?page_id=265"},"modified":"2024-01-30T14:04:23","modified_gmt":"2024-01-30T14:04:23","slug":"kaufberatung","status":"publish","type":"page","link":"https:\/\/gesunde-kinderschuhe.de\/?page_id=265","title":{"rendered":"Kaufberatung"},"content":{"rendered":"\n<figure class=\"wp-block-embed is-type-video is-provider-youtube wp-block-embed-youtube wp-embed-aspect-16-9 wp-has-aspect-ratio\"><div class=\"wp-block-embed__wrapper\">\n<iframe loading=\"lazy\" title=\"Warum F\u00fc\u00dfe messen wichtig ist\" width=\"525\" height=\"295\" src=\"https:\/\/www.youtube.com\/embed\/jKl_U5S57GM?feature=oembed\" frameborder=\"0\" allow=\"accelerometer; autoplay; clipboard-write; encrypted-media; gyroscope; picture-in-picture; web-share\" referrerpolicy=\"strict-origin-when-cross-origin\" allowfullscreen><\/iframe>\n<\/div><\/figure>\n\n\n\n<table style=\"width: 100%;\" border=\"0\" width=\"698\" cellspacing=\"0\" cellpadding=\"0\">\n<tbody>\n<tr align=\"LEFT\" valign=\"TOP\">\n<td style=\"width: 1.48368%;\" colspan=\"6\" width=\"666\">\n<p><span style=\"font-family: Verdana,Tahoma,Arial,Helvetica,Sans-serif,sans-serif;\"><b>Was sind gesunde Kinderschuhe?<\/b><\/span><b><\/b><\/p>\n<p><span style=\"font-family: Verdana,Tahoma,Arial,Helvetica,Sans-serif,sans-serif;\">F\u00fcr ein ungehindertes Fu\u00dfwachstum sind eigentlich keine(!) Schuhe die ges\u00fcndesten. Nat\u00fcrlich ist das in unseren Breiten keine Alternative. Somit m\u00fcssen gute Kinderschuhe also fast wie Barfu\u00dflaufen sein.<br>Grundvoraussetzung:&nbsp;<b>ein guter Kinderschuh ist zuallererst ein passender Schuh<\/b>.<br><br>Sie k\u00f6nnen sich als Eltern gl\u00fccklich sch\u00e4tzen, dass es in Deutschland das sogenannte WMS-System gibt. Nach diesem System hergestellte Schuhe m\u00fcssen eine Vielzahl an Richtlinien erf\u00fcllen, so dass z.B. die angegebenen Gr\u00f6\u00dfen und Weiten stimmen. Zur Auswahl stehen au\u00dferdem verschiedene&nbsp; Weiten, n\u00e4mlich W-weit, M-mittel und S-schmal. Die meisten Kinderf\u00fc\u00dfe passen in diese Norm und in der Regel auch in diese Schuhe.Das WMS- System ist von f\u00fchrenden Orthop\u00e4den und Kinderschuhherstellern entwickelt worden. Sie als Eltern k\u00f6nnen sicher sein, dass bei den nach WMS-System hergestellten Schuhen die Vielzahl der notwendigen Ma\u00dfe, Verh\u00e4ltnisse und Winkel am Schuh stimmen. Somit haben Sie die Gew\u00e4hr, einen passenden und fu\u00dfgesunden Kinderschuh zu bekommen.<\/span><\/p>\n<p align=\"CENTER\"><span style=\"font-family: Verdana,Tahoma,Arial,Helvetica,Sans-serif,sans-serif;\">&nbsp;<\/span><\/p>\n<p align=\"CENTER\"><span style=\"font-family: Verdana,Tahoma,Arial,Helvetica,Sans-serif,sans-serif;\">Neben der Passform gibt es noch mehr Anforderungen an einen gesunden Kinderschuh:<\/span><\/p>\n<p style=\"text-align: left;\" align=\"CENTER\"><span style=\"font-family: Verdana,Tahoma,Arial,Helvetica,Sans-serif,sans-serif;\">Gesunde Kinderschuhe m\u00fcssen sehr flexibel sein, um so die Bewegungseinschr\u00e4nkung der Kinderf\u00fc\u00dfe auf ein Minimum zu reduzieren. Fu\u00dfst\u00fctzen, Einlagen und \u00e4hnliche Elemente geh\u00f6ren nicht in Kinderschuhe, da sie die Freiheit und die nat\u00fcrliche Entwicklung der F\u00fc\u00dfe einschr\u00e4nken und somit mehr schaden als nutzen.<\/span><\/p>\n<p><span style=\"font-family: Verdana,Tahoma,Arial,Helvetica,Sans-serif,sans-serif;\">Ebenso wichtig ist die Nat\u00fcrlichkeit der verwendeten Materialien. Dies hat ma\u00dfgeblichen Einfluss auf das Klima im Schuh.<\/span><\/p>\n<p><span style=\"color: #ff0000; font-family: Verdana,Tahoma,Arial,Helvetica,Sans-serif,sans-serif;\"><b>Bei uns erhalten Sie ausschlie\u00dflich Schuhe nach diesen Kriterien.<\/b><\/span><b><\/b><\/p>\n<p><span style=\"color: #000000; font-family: Verdana,Tahoma,Arial,Helvetica,Sans-serif,sans-serif;\"><b>Wie erfahre ich die richtige L\u00e4nge und Weite der Kinderf\u00fc\u00dfe?<\/b><\/span><\/p>\n<p><span style=\"font-family: Verdana,Tahoma,Arial,Helvetica,Sans-serif,sans-serif;\">Wie Sie bereits erfahren haben, ist es vor dem Kauf der Schuhe unbedingt erforderlich, dass die Kinderf\u00fc\u00dfe gemessen werden. Dies erfolgt grunds\u00e4tzlich auf dem genormten WMS-Fu\u00dfmessger\u00e4t. Dieses Ger\u00e4t gew\u00e4hrleistet eine zuverl\u00e4ssige Messung der F\u00fc\u00dfe nach L\u00e4nge und Weite. Hierbei stellen sich die Kinder in Str\u00fcmpfen auf das Messger\u00e4t und die Schiebeleiste wird mit leichtem Druck an die F\u00fc\u00dfe herangef\u00fchrt. Wichtig ist hierbei, dass die Kinder mit der Ferse und der Innenseite der F\u00fc\u00dfe am Ger\u00e4t ansto\u00dfen und dass sie auf keinen Fall die Zehen einziehen. Neben dem Standardger\u00e4t gibt es noch ein kleineres Ger\u00e4t f\u00fcr die Laufanf\u00e4nger. Mit jenem Ger\u00e4t werden die F\u00fc\u00dfe einzeln vermessen und es ist damit auch m\u00f6glich, dass die Kinder beim Messvorgang sitzen bleiben k\u00f6nnen. Beim Messen im Sitzen ist es aber wichtig, dass auf die F\u00fc\u00dfe ein Gegendruck erzeugt wird der ungef\u00e4hr dem Gewicht des Kleinkindes entspricht.<\/span><\/p>\n<\/td>\n<\/tr>\n<\/tbody>\n<\/table>\n\n\n\n<figure class=\"wp-block-gallery has-nested-images columns-default is-cropped wp-block-gallery-2 is-layout-flex wp-block-gallery-is-layout-flex\">\n<figure class=\"wp-block-image size-large\"><img loading=\"lazy\" decoding=\"async\" width=\"400\" height=\"267\" data-id=\"286\" src=\"https:\/\/gesunde-kinderschuhe.de\/wp-content\/uploads\/2020\/03\/Messger\u00e4tNEU.jpg\" alt=\"\" class=\"wp-image-286\" srcset=\"https:\/\/gesunde-kinderschuhe.de\/wp-content\/uploads\/2020\/03\/Messger\u00e4tNEU.jpg 400w, https:\/\/gesunde-kinderschuhe.de\/wp-content\/uploads\/2020\/03\/Messger\u00e4tNEU-300x200.jpg 300w\" sizes=\"auto, (max-width: 400px) 100vw, 400px\" \/><\/figure>\n<\/figure>\n\n\n\n<p><span style=\"font-family: Verdana,Tahoma,Arial,Helvetica,Sans-serif,sans-serif;\"><b>Wo kann ich die F\u00fc\u00dfe meines Kindes messen lassen?<\/b><\/span><b><\/b><\/p>\n<p><span style=\"font-family: Verdana,Tahoma,Arial,Helvetica,Sans-serif,sans-serif;\">Am besten ist es , wenn Sie pers\u00f6nlich mit Ihrem Kind in unser Fachgesch\u00e4ft kommen. Sollte das f\u00fcr Sie nicht m\u00f6glich sein, so werden Sie sicherlich auch ein WMS-Fu\u00dfmessger\u00e4t in Ihrer N\u00e4he finden. Diese Messger\u00e4te (s. Bild) stehen beispielsweise in Kinderarztpraxen oder auch in Schuhfachgesch\u00e4ften, welche eine mehr oder weniger gute Kinderschuhabteilung f\u00fchren.<\/span><\/p>\n<p align=\"CENTER\"><span style=\"font-family: Verdana,Tahoma,Arial,Helvetica,Sans-serif,sans-serif;\">&nbsp;<\/span><\/p>\n<p style=\"text-align: left;\" align=\"CENTER\"><span style=\"font-family: Verdana,Tahoma,Arial,Helvetica,Sans-serif,sans-serif;\"><b>Welche Schuhe sind die richtigen, wenn das Messger\u00e4t einen Grenzwert anzeigt?<br><\/b>-Fu\u00dfl\u00e4nge: Sollte die L\u00e4nge der F\u00fc\u00dfe z.B. zwischen der Gr\u00f6\u00dfe 24 und 25 liegen, so ist in jedem Fall ein Schuh der Gr\u00f6\u00dfe 25 angezeigt. Eine Gr\u00f6\u00dfe 24 w\u00fcrde allerdings auch noch passen, aber eben nur noch kurze Zeit.<\/span><\/p>\n<p><span style=\"font-family: Verdana,Tahoma,Arial,Helvetica,Sans-serif,sans-serif;\">-Fu\u00dfweite: Sollte die Weite z.B. ein Ergebnis zwischen \u201emittel\u201c und \u201eweit\u201c ergeben, so ist es sinnvoller, den Schuh in Weite M zu nehmen. Zu weite Schuhe sind eigentlich wie zu kurze Schuhe, der Fu\u00df findet im Bereich der Schn\u00fcrung keinen Halt und rutscht in die Schuhspitze. Somit ist es also ganz wichtig, dass ein Fu\u00df der Weite \u201eschmal\u201c auch einen Schuh in Weite \u201eS\u201c erh\u00e4lt.<\/span><\/p>\n<p><span style=\"font-family: Verdana,Tahoma,Arial,Helvetica,Sans-serif,sans-serif;\"><b>Grunds\u00e4tzlich ersetzen aber das Ausmessen und WMS nicht das Anprobieren der Schuhe. Eine fachkundige und geschulte Beratung kann viele Fehler vermeiden. Vielleicht passt beispielsweise ein Schuhe in Weite M besser an einen vollen Fu\u00df mit hohem Spann als einer in Weite W, weil die Schn\u00fcrung an jenem Schuh viel mehr Weite hergibt. Bei uns bekommen Sie die Beratung, die f\u00fcr die F\u00fc\u00dfe Ihres Kindes gewisserma\u00dfen \u201cma\u00dfgeschustert\u201d ist. Eine Ausbildung als Orthop\u00e4dieschuhmacher, jahrelange Berufserfahrung, Seminare bei Kinderschuhproduzenten und fachliche Weiterbildung investieren wir in unser Schuhangebot.<\/b><\/span><b><\/b><\/p>\n<p><span style=\"font-family: Verdana,Tahoma,Arial,Helvetica,Sans-serif,sans-serif;\">&nbsp;<\/span><\/p>\n\n\n\n<p><a href=\"https:\/\/gesunde-kinderschuhe.de\/?page_id=281\">Hier erfahren Sie etwas zur Entwicklung der Kinderf\u00fc\u00dfe.<\/a><\/p>\n\n\n\n<p><\/p>\n","protected":false},"excerpt":{"rendered":"<p>Was sind gesunde Kinderschuhe? F\u00fcr ein ungehindertes Fu\u00dfwachstum sind eigentlich keine(!) Schuhe die ges\u00fcndesten. Nat\u00fcrlich ist das in unseren Breiten keine Alternative. Somit m\u00fcssen gute Kinderschuhe also fast wie Barfu\u00dflaufen &hellip; <\/p>\n<p class=\"link-more\"><a href=\"https:\/\/gesunde-kinderschuhe.de\/?page_id=265\" class=\"more-link\"><span class=\"screen-reader-text\">\u201eKaufberatung\u201c<\/span> weiterlesen<\/a><\/p>\n","protected":false},"author":1,"featured_media":0,"parent":0,"menu_order":0,"comment_status":"closed","ping_status":"closed","template":"","meta":{"footnotes":""},"class_list":["post-265","page","type-page","status-publish","hentry"],"yoast_head":"<!-- This site is optimized with the Yoast SEO plugin v27.2 - https:\/\/yoast.com\/product\/yoast-seo-wordpress\/ -->\n<title>Kaufberatung - Schuhe im Schwarzatal<\/title>\n<meta name=\"robots\" content=\"index, follow, max-snippet:-1, max-image-preview:large, max-video-preview:-1\" \/>\n<link rel=\"canonical\" href=\"https:\/\/gesunde-kinderschuhe.de\/?page_id=265\" \/>\n<meta property=\"og:locale\" content=\"de_DE\" \/>\n<meta property=\"og:type\" content=\"article\" \/>\n<meta property=\"og:title\" content=\"Kaufberatung - Schuhe im Schwarzatal\" \/>\n<meta property=\"og:description\" content=\"Was sind gesunde Kinderschuhe? F\u00fcr ein ungehindertes Fu\u00dfwachstum sind eigentlich keine(!) Schuhe die ges\u00fcndesten. Nat\u00fcrlich ist das in unseren Breiten keine Alternative. Somit m\u00fcssen gute Kinderschuhe also fast wie Barfu\u00dflaufen &hellip; \u201eKaufberatung\u201c weiterlesen\" \/>\n<meta property=\"og:url\" content=\"https:\/\/gesunde-kinderschuhe.de\/?page_id=265\" \/>\n<meta property=\"og:site_name\" content=\"Schuhe im Schwarzatal\" \/>\n<meta property=\"article:modified_time\" content=\"2024-01-30T14:04:23+00:00\" \/>\n<meta name=\"twitter:card\" content=\"summary_large_image\" \/>\n<meta name=\"twitter:label1\" content=\"Gesch\u00e4tzte Lesezeit\" \/>\n\t<meta name=\"twitter:data1\" content=\"4\u00a0Minuten\" \/>\n<script type=\"application\/ld+json\" class=\"yoast-schema-graph\">{\"@context\":\"https:\/\/schema.org\",\"@graph\":[{\"@type\":\"WebPage\",\"@id\":\"https:\/\/gesunde-kinderschuhe.de\/?page_id=265\",\"url\":\"https:\/\/gesunde-kinderschuhe.de\/?page_id=265\",\"name\":\"Kaufberatung - Schuhe im Schwarzatal\",\"isPartOf\":{\"@id\":\"https:\/\/gesunde-kinderschuhe.de\/#website\"},\"datePublished\":\"2020-03-06T13:54:27+00:00\",\"dateModified\":\"2024-01-30T14:04:23+00:00\",\"breadcrumb\":{\"@id\":\"https:\/\/gesunde-kinderschuhe.de\/?page_id=265#breadcrumb\"},\"inLanguage\":\"de\",\"potentialAction\":[{\"@type\":\"ReadAction\",\"target\":[\"https:\/\/gesunde-kinderschuhe.de\/?page_id=265\"]}]},{\"@type\":\"BreadcrumbList\",\"@id\":\"https:\/\/gesunde-kinderschuhe.de\/?page_id=265#breadcrumb\",\"itemListElement\":[{\"@type\":\"ListItem\",\"position\":1,\"name\":\"Startseite\",\"item\":\"https:\/\/gesunde-kinderschuhe.de\/\"},{\"@type\":\"ListItem\",\"position\":2,\"name\":\"Kaufberatung\"}]},{\"@type\":\"WebSite\",\"@id\":\"https:\/\/gesunde-kinderschuhe.de\/#website\",\"url\":\"https:\/\/gesunde-kinderschuhe.de\/\",\"name\":\"Schuhe im Schwarzatal\",\"description\":\"Fachgesch\u00e4ft f\u00fcr Kinderschuhe, Wanderschuhe, Barfu\u00dfschuhe\",\"potentialAction\":[{\"@type\":\"SearchAction\",\"target\":{\"@type\":\"EntryPoint\",\"urlTemplate\":\"https:\/\/gesunde-kinderschuhe.de\/?s={search_term_string}\"},\"query-input\":{\"@type\":\"PropertyValueSpecification\",\"valueRequired\":true,\"valueName\":\"search_term_string\"}}],\"inLanguage\":\"de\"}]}<\/script>\n<!-- \/ Yoast SEO plugin. -->","yoast_head_json":{"title":"Kaufberatung - Schuhe im Schwarzatal","robots":{"index":"index","follow":"follow","max-snippet":"max-snippet:-1","max-image-preview":"max-image-preview:large","max-video-preview":"max-video-preview:-1"},"canonical":"https:\/\/gesunde-kinderschuhe.de\/?page_id=265","og_locale":"de_DE","og_type":"article","og_title":"Kaufberatung - Schuhe im Schwarzatal","og_description":"Was sind gesunde Kinderschuhe? F\u00fcr ein ungehindertes Fu\u00dfwachstum sind eigentlich keine(!) Schuhe die ges\u00fcndesten. Nat\u00fcrlich ist das in unseren Breiten keine Alternative. Somit m\u00fcssen gute Kinderschuhe also fast wie Barfu\u00dflaufen &hellip; \u201eKaufberatung\u201c weiterlesen","og_url":"https:\/\/gesunde-kinderschuhe.de\/?page_id=265","og_site_name":"Schuhe im Schwarzatal","article_modified_time":"2024-01-30T14:04:23+00:00","twitter_card":"summary_large_image","twitter_misc":{"Gesch\u00e4tzte Lesezeit":"4\u00a0Minuten"},"schema":{"@context":"https:\/\/schema.org","@graph":[{"@type":"WebPage","@id":"https:\/\/gesunde-kinderschuhe.de\/?page_id=265","url":"https:\/\/gesunde-kinderschuhe.de\/?page_id=265","name":"Kaufberatung - Schuhe im Schwarzatal","isPartOf":{"@id":"https:\/\/gesunde-kinderschuhe.de\/#website"},"datePublished":"2020-03-06T13:54:27+00:00","dateModified":"2024-01-30T14:04:23+00:00","breadcrumb":{"@id":"https:\/\/gesunde-kinderschuhe.de\/?page_id=265#breadcrumb"},"inLanguage":"de","potentialAction":[{"@type":"ReadAction","target":["https:\/\/gesunde-kinderschuhe.de\/?page_id=265"]}]},{"@type":"BreadcrumbList","@id":"https:\/\/gesunde-kinderschuhe.de\/?page_id=265#breadcrumb","itemListElement":[{"@type":"ListItem","position":1,"name":"Startseite","item":"https:\/\/gesunde-kinderschuhe.de\/"},{"@type":"ListItem","position":2,"name":"Kaufberatung"}]},{"@type":"WebSite","@id":"https:\/\/gesunde-kinderschuhe.de\/#website","url":"https:\/\/gesunde-kinderschuhe.de\/","name":"Schuhe im Schwarzatal","description":"Fachgesch\u00e4ft f\u00fcr Kinderschuhe, Wanderschuhe, Barfu\u00dfschuhe","potentialAction":[{"@type":"SearchAction","target":{"@type":"EntryPoint","urlTemplate":"https:\/\/gesunde-kinderschuhe.de\/?s={search_term_string}"},"query-input":{"@type":"PropertyValueSpecification","valueRequired":true,"valueName":"search_term_string"}}],"inLanguage":"de"}]}},"_links":{"self":[{"href":"https:\/\/gesunde-kinderschuhe.de\/index.php?rest_route=\/wp\/v2\/pages\/265","targetHints":{"allow":["GET"]}}],"collection":[{"href":"https:\/\/gesunde-kinderschuhe.de\/index.php?rest_route=\/wp\/v2\/pages"}],"about":[{"href":"https:\/\/gesunde-kinderschuhe.de\/index.php?rest_route=\/wp\/v2\/types\/page"}],"author":[{"embeddable":true,"href":"https:\/\/gesunde-kinderschuhe.de\/index.php?rest_route=\/wp\/v2\/users\/1"}],"replies":[{"embeddable":true,"href":"https:\/\/gesunde-kinderschuhe.de\/index.php?rest_route=%2Fwp%2Fv2%2Fcomments&post=265"}],"version-history":[{"count":10,"href":"https:\/\/gesunde-kinderschuhe.de\/index.php?rest_route=\/wp\/v2\/pages\/265\/revisions"}],"predecessor-version":[{"id":1169,"href":"https:\/\/gesunde-kinderschuhe.de\/index.php?rest_route=\/wp\/v2\/pages\/265\/revisions\/1169"}],"wp:attachment":[{"href":"https:\/\/gesunde-kinderschuhe.de\/index.php?rest_route=%2Fwp%2Fv2%2Fmedia&parent=265"}],"curies":[{"name":"wp","href":"https:\/\/api.w.org\/{rel}","templated":true}]}}