{"id":160,"date":"2020-03-06T13:58:12","date_gmt":"2020-03-06T13:58:12","guid":{"rendered":"https:\/\/gesunde-kinderschuhe.de\/?page_id=160"},"modified":"2024-04-15T13:04:05","modified_gmt":"2024-04-15T13:04:05","slug":"sommerschuhe","status":"publish","type":"page","link":"https:\/\/gesunde-kinderschuhe.de\/?page_id=160","title":{"rendered":"Sommerschuhe"},"content":{"rendered":"\n<p><strong>Hier eine kleine Auswahl an vorr\u00e4tigen Sommerschuhen f\u00fcr Kinder. Eine Anzahl weiterer Modelle sind in den einzelnen Gr\u00f6\u00dfen (18-40) verf\u00fcgbar.<\/strong><\/p>\n\n\n\n<figure class=\"wp-block-gallery has-nested-images columns-default is-cropped wp-block-gallery-2 is-layout-flex wp-block-gallery-is-layout-flex\">\n<figure class=\"wp-block-image size-large\"><a href=\"https:\/\/gesunde-kinderschuhe.de\/wp-content\/uploads\/2021\/03\/Arioso.jpg\" data-rel=\"lightbox-image-0\" data-rl_title=\"\" data-rl_caption=\"\" title=\"\"><img loading=\"lazy\" decoding=\"async\" width=\"600\" height=\"305\" data-id=\"647\" src=\"https:\/\/gesunde-kinderschuhe.de\/wp-content\/uploads\/2021\/03\/Arioso.jpg\" alt=\"\" class=\"wp-image-647\" srcset=\"https:\/\/gesunde-kinderschuhe.de\/wp-content\/uploads\/2021\/03\/Arioso.jpg 600w, https:\/\/gesunde-kinderschuhe.de\/wp-content\/uploads\/2021\/03\/Arioso-300x153.jpg 300w\" sizes=\"auto, (max-width: 600px) 100vw, 600px\" \/><\/a><\/figure>\n\n\n\n<figure class=\"wp-block-image size-large\"><a href=\"https:\/\/gesunde-kinderschuhe.de\/wp-content\/uploads\/2022\/03\/1__640120____6901.jpg\" data-rel=\"lightbox-image-1\" data-rl_title=\"\" data-rl_caption=\"\" title=\"\"><img loading=\"lazy\" decoding=\"async\" width=\"600\" height=\"321\" data-id=\"870\" src=\"https:\/\/gesunde-kinderschuhe.de\/wp-content\/uploads\/2022\/03\/1__640120____6901.jpg\" alt=\"\" class=\"wp-image-870\" srcset=\"https:\/\/gesunde-kinderschuhe.de\/wp-content\/uploads\/2022\/03\/1__640120____6901.jpg 600w, https:\/\/gesunde-kinderschuhe.de\/wp-content\/uploads\/2022\/03\/1__640120____6901-300x161.jpg 300w\" sizes=\"auto, (max-width: 600px) 100vw, 600px\" \/><\/a><\/figure>\n<figcaption class=\"blocks-gallery-caption wp-element-caption\">Sommerschuhe von Lowa, perfekte Passform f\u00fcr verschiedene Weiten, herausnehmbare Fu\u00dfbettsohle, griffige Profilsohle, extrem strapazierf\u00e4hig, ab EUR 79,90<\/figcaption><\/figure>\n\n\n\n<figure class=\"wp-block-gallery has-nested-images columns-default is-cropped wp-block-gallery-3 is-layout-flex wp-block-gallery-is-layout-flex\">\n<figure class=\"wp-block-image size-large\"><a href=\"https:\/\/gesunde-kinderschuhe.de\/wp-content\/uploads\/2021\/03\/Ric.JeffAzur.jpg\" data-rel=\"lightbox-image-2\" data-rl_title=\"\" data-rl_caption=\"\" title=\"\"><img loading=\"lazy\" decoding=\"async\" width=\"600\" height=\"373\" data-id=\"653\" src=\"https:\/\/gesunde-kinderschuhe.de\/wp-content\/uploads\/2021\/03\/Ric.JeffAzur.jpg\" alt=\"\" class=\"wp-image-653\" srcset=\"https:\/\/gesunde-kinderschuhe.de\/wp-content\/uploads\/2021\/03\/Ric.JeffAzur.jpg 600w, https:\/\/gesunde-kinderschuhe.de\/wp-content\/uploads\/2021\/03\/Ric.JeffAzur-300x187.jpg 300w\" sizes=\"auto, (max-width: 600px) 100vw, 600px\" \/><\/a><\/figure>\n\n\n\n<figure class=\"wp-block-image size-large\"><a href=\"https:\/\/gesunde-kinderschuhe.de\/wp-content\/uploads\/2022\/05\/7ddb074fb83e26e59d00d2257f06f368332c49d0-1.jpeg\" data-rel=\"lightbox-image-3\" data-rl_title=\"\" data-rl_caption=\"\" title=\"\"><img loading=\"lazy\" decoding=\"async\" width=\"898\" height=\"634\" data-id=\"891\" src=\"https:\/\/gesunde-kinderschuhe.de\/wp-content\/uploads\/2022\/05\/7ddb074fb83e26e59d00d2257f06f368332c49d0-1.jpeg\" alt=\"\" class=\"wp-image-891\" srcset=\"https:\/\/gesunde-kinderschuhe.de\/wp-content\/uploads\/2022\/05\/7ddb074fb83e26e59d00d2257f06f368332c49d0-1.jpeg 898w, https:\/\/gesunde-kinderschuhe.de\/wp-content\/uploads\/2022\/05\/7ddb074fb83e26e59d00d2257f06f368332c49d0-1-300x212.jpeg 300w, https:\/\/gesunde-kinderschuhe.de\/wp-content\/uploads\/2022\/05\/7ddb074fb83e26e59d00d2257f06f368332c49d0-1-768x542.jpeg 768w\" sizes=\"auto, (max-width: 767px) 89vw, (max-width: 1000px) 54vw, (max-width: 1071px) 543px, 580px\" \/><\/a><\/figure>\n<figcaption class=\"blocks-gallery-caption wp-element-caption\"><em>Ricosta Barfu\u00dfschuhe, waschbar und superflexibel, bis Gr.35, rutschfeste Sohle,<\/em><br><em>ab EUR 89,90<\/em><\/figcaption><\/figure>\n\n\n\n<figure class=\"wp-block-gallery has-nested-images columns-default is-cropped wp-block-gallery-4 is-layout-flex wp-block-gallery-is-layout-flex\">\n<figure class=\"wp-block-image size-full\"><a href=\"https:\/\/gesunde-kinderschuhe.de\/wp-content\/uploads\/2021\/03\/Ric.JerrySchwarz.jpg\" data-rel=\"lightbox-image-4\" data-rl_title=\"\" data-rl_caption=\"\" title=\"\"><img loading=\"lazy\" decoding=\"async\" width=\"600\" height=\"370\" data-id=\"655\" src=\"https:\/\/gesunde-kinderschuhe.de\/wp-content\/uploads\/2021\/03\/Ric.JerrySchwarz.jpg\" alt=\"\" class=\"wp-image-655\" srcset=\"https:\/\/gesunde-kinderschuhe.de\/wp-content\/uploads\/2021\/03\/Ric.JerrySchwarz.jpg 600w, https:\/\/gesunde-kinderschuhe.de\/wp-content\/uploads\/2021\/03\/Ric.JerrySchwarz-300x185.jpg 300w\" sizes=\"auto, (max-width: 600px) 100vw, 600px\" \/><\/a><\/figure>\n\n\n\n<figure class=\"wp-block-image size-full\"><a href=\"https:\/\/gesunde-kinderschuhe.de\/wp-content\/uploads\/2023\/02\/RicostaJerry.jpeg\" data-rel=\"lightbox-image-5\" data-rl_title=\"\" data-rl_caption=\"\" title=\"\"><img loading=\"lazy\" decoding=\"async\" width=\"898\" height=\"898\" data-id=\"1007\" src=\"https:\/\/gesunde-kinderschuhe.de\/wp-content\/uploads\/2023\/02\/RicostaJerry.jpeg\" alt=\"\" class=\"wp-image-1007\" srcset=\"https:\/\/gesunde-kinderschuhe.de\/wp-content\/uploads\/2023\/02\/RicostaJerry.jpeg 898w, https:\/\/gesunde-kinderschuhe.de\/wp-content\/uploads\/2023\/02\/RicostaJerry-300x300.jpeg 300w, https:\/\/gesunde-kinderschuhe.de\/wp-content\/uploads\/2023\/02\/RicostaJerry-150x150.jpeg 150w, https:\/\/gesunde-kinderschuhe.de\/wp-content\/uploads\/2023\/02\/RicostaJerry-768x768.jpeg 768w, https:\/\/gesunde-kinderschuhe.de\/wp-content\/uploads\/2023\/02\/RicostaJerry-100x100.jpeg 100w\" sizes=\"auto, (max-width: 767px) 89vw, (max-width: 1000px) 54vw, (max-width: 1071px) 543px, 580px\" \/><\/a><\/figure>\n<figcaption class=\"blocks-gallery-caption wp-element-caption\"><em>Ricosta\/Pepino Barfu\u00dfschuhe, waschbar und hochflexibel, bis Gr.26, rutschfeste Sohle<\/em><br><em>EUR 74,90<\/em><\/figcaption><\/figure>\n\n\n\n<figure class=\"wp-block-gallery has-nested-images columns-default is-cropped wp-block-gallery-5 is-layout-flex wp-block-gallery-is-layout-flex\">\n<figure class=\"wp-block-image size-thumbnail\"><a href=\"https:\/\/gesunde-kinderschuhe.de\/wp-content\/uploads\/2023\/04\/ecco__700602-60680__main.jpg\" data-rel=\"lightbox-image-6\" data-rl_title=\"\" data-rl_caption=\"\" title=\"\"><img loading=\"lazy\" decoding=\"async\" width=\"150\" height=\"150\" data-id=\"1040\" src=\"https:\/\/gesunde-kinderschuhe.de\/wp-content\/uploads\/2023\/04\/ecco__700602-60680__main-150x150.jpg\" alt=\"\" class=\"wp-image-1040\" srcset=\"https:\/\/gesunde-kinderschuhe.de\/wp-content\/uploads\/2023\/04\/ecco__700602-60680__main-150x150.jpg 150w, https:\/\/gesunde-kinderschuhe.de\/wp-content\/uploads\/2023\/04\/ecco__700602-60680__main-300x300.jpg 300w, https:\/\/gesunde-kinderschuhe.de\/wp-content\/uploads\/2023\/04\/ecco__700602-60680__main-1024x1024.jpg 1024w, https:\/\/gesunde-kinderschuhe.de\/wp-content\/uploads\/2023\/04\/ecco__700602-60680__main-768x768.jpg 768w, https:\/\/gesunde-kinderschuhe.de\/wp-content\/uploads\/2023\/04\/ecco__700602-60680__main-100x100.jpg 100w, https:\/\/gesunde-kinderschuhe.de\/wp-content\/uploads\/2023\/04\/ecco__700602-60680__main.jpg 1400w\" sizes=\"auto, (max-width: 150px) 100vw, 150px\" \/><\/a><\/figure>\n\n\n\n<figure class=\"wp-block-image size-thumbnail\"><a href=\"https:\/\/gesunde-kinderschuhe.de\/wp-content\/uploads\/2020\/03\/EccoBiomRaft70064200303.jpg\" data-rel=\"lightbox-image-7\" data-rl_title=\"\" data-rl_caption=\"\" title=\"\"><img loading=\"lazy\" decoding=\"async\" width=\"150\" height=\"150\" data-id=\"392\" src=\"https:\/\/gesunde-kinderschuhe.de\/wp-content\/uploads\/2020\/03\/EccoBiomRaft70064200303-150x150.jpg\" alt=\"\" class=\"wp-image-392\" srcset=\"https:\/\/gesunde-kinderschuhe.de\/wp-content\/uploads\/2020\/03\/EccoBiomRaft70064200303-150x150.jpg 150w, https:\/\/gesunde-kinderschuhe.de\/wp-content\/uploads\/2020\/03\/EccoBiomRaft70064200303-100x100.jpg 100w\" sizes=\"auto, (max-width: 150px) 100vw, 150px\" \/><\/a><\/figure>\n<figcaption class=\"blocks-gallery-caption wp-element-caption\">Ecco Biom, Modell &#8222;Raft&#8220;, wassertauglich, sehr strapazierf\u00e4hig<br>ab \u20ac 79,90<\/figcaption><\/figure>\n\n\n\n<figure class=\"wp-block-gallery has-nested-images columns-2 is-cropped wp-block-gallery-6 is-layout-flex wp-block-gallery-is-layout-flex\">\n<figure class=\"wp-block-image size-full\"><a href=\"https:\/\/gesunde-kinderschuhe.de\/wp-content\/uploads\/2020\/03\/RicostaEbiSee.jpg\" data-rel=\"lightbox-image-8\" data-rl_title=\"\" data-rl_caption=\"\" title=\"\"><img loading=\"lazy\" decoding=\"async\" width=\"340\" height=\"235\" data-id=\"386\" src=\"https:\/\/gesunde-kinderschuhe.de\/wp-content\/uploads\/2020\/03\/RicostaEbiSee.jpg\" alt=\"\" class=\"wp-image-386\" srcset=\"https:\/\/gesunde-kinderschuhe.de\/wp-content\/uploads\/2020\/03\/RicostaEbiSee.jpg 340w, https:\/\/gesunde-kinderschuhe.de\/wp-content\/uploads\/2020\/03\/RicostaEbiSee-300x207.jpg 300w\" sizes=\"auto, (max-width: 340px) 100vw, 340px\" \/><\/a><\/figure>\n\n\n\n<figure class=\"wp-block-image size-full\"><a href=\"https:\/\/gesunde-kinderschuhe.de\/wp-content\/uploads\/2020\/03\/RicostaEbiGraphit1-2.jpg\" data-rel=\"lightbox-image-9\" data-rl_title=\"\" data-rl_caption=\"\" title=\"\"><img loading=\"lazy\" decoding=\"async\" width=\"340\" height=\"235\" data-id=\"387\" src=\"https:\/\/gesunde-kinderschuhe.de\/wp-content\/uploads\/2020\/03\/RicostaEbiGraphit1-2.jpg\" alt=\"\" class=\"wp-image-387\" srcset=\"https:\/\/gesunde-kinderschuhe.de\/wp-content\/uploads\/2020\/03\/RicostaEbiGraphit1-2.jpg 340w, https:\/\/gesunde-kinderschuhe.de\/wp-content\/uploads\/2020\/03\/RicostaEbiGraphit1-2-300x207.jpg 300w\" sizes=\"auto, (max-width: 340px) 100vw, 340px\" \/><\/a><\/figure>\n\n\n\n<figure class=\"wp-block-image size-full\"><a href=\"https:\/\/gesunde-kinderschuhe.de\/wp-content\/uploads\/2023\/03\/RicostaEbi.jpg\" data-rel=\"lightbox-image-10\" data-rl_title=\"\" data-rl_caption=\"\" title=\"\"><img loading=\"lazy\" decoding=\"async\" width=\"700\" height=\"700\" data-id=\"1032\" src=\"https:\/\/gesunde-kinderschuhe.de\/wp-content\/uploads\/2023\/03\/RicostaEbi.jpg\" alt=\"\" class=\"wp-image-1032\" srcset=\"https:\/\/gesunde-kinderschuhe.de\/wp-content\/uploads\/2023\/03\/RicostaEbi.jpg 700w, https:\/\/gesunde-kinderschuhe.de\/wp-content\/uploads\/2023\/03\/RicostaEbi-300x300.jpg 300w, https:\/\/gesunde-kinderschuhe.de\/wp-content\/uploads\/2023\/03\/RicostaEbi-150x150.jpg 150w, https:\/\/gesunde-kinderschuhe.de\/wp-content\/uploads\/2023\/03\/RicostaEbi-100x100.jpg 100w\" sizes=\"auto, (max-width: 700px) 100vw, 700px\" \/><\/a><\/figure>\n\n\n\n<figure class=\"wp-block-image size-full\"><a href=\"https:\/\/gesunde-kinderschuhe.de\/wp-content\/uploads\/2022\/05\/EbiHazel.jpeg\" data-rel=\"lightbox-image-11\" data-rl_title=\"\" data-rl_caption=\"\" title=\"\"><img loading=\"lazy\" decoding=\"async\" width=\"898\" height=\"634\" data-id=\"893\" src=\"https:\/\/gesunde-kinderschuhe.de\/wp-content\/uploads\/2022\/05\/EbiHazel.jpeg\" alt=\"\" class=\"wp-image-893\" srcset=\"https:\/\/gesunde-kinderschuhe.de\/wp-content\/uploads\/2022\/05\/EbiHazel.jpeg 898w, https:\/\/gesunde-kinderschuhe.de\/wp-content\/uploads\/2022\/05\/EbiHazel-300x212.jpeg 300w, https:\/\/gesunde-kinderschuhe.de\/wp-content\/uploads\/2022\/05\/EbiHazel-768x542.jpeg 768w\" sizes=\"auto, (max-width: 767px) 89vw, (max-width: 1000px) 54vw, (max-width: 1071px) 543px, 580px\" \/><\/a><\/figure>\n<figcaption class=\"blocks-gallery-caption wp-element-caption\">Ricosta\/Pepino, Lauflernschuh, superweich, Lederausstattung, versch. Weiten<br>\u20ac 74,90<\/figcaption><\/figure>\n\n\n\n<figure class=\"wp-block-gallery has-nested-images columns-default is-cropped wp-block-gallery-7 is-layout-flex wp-block-gallery-is-layout-flex\">\n<figure class=\"wp-block-image size-full\"><a href=\"https:\/\/gesunde-kinderschuhe.de\/wp-content\/uploads\/2023\/02\/EccoX-Trinsic.jpg\" data-rel=\"lightbox-image-12\" data-rl_title=\"\" data-rl_caption=\"\" title=\"\"><img loading=\"lazy\" decoding=\"async\" width=\"400\" height=\"400\" data-id=\"1005\" src=\"https:\/\/gesunde-kinderschuhe.de\/wp-content\/uploads\/2023\/02\/EccoX-Trinsic.jpg\" alt=\"\" class=\"wp-image-1005\" srcset=\"https:\/\/gesunde-kinderschuhe.de\/wp-content\/uploads\/2023\/02\/EccoX-Trinsic.jpg 400w, https:\/\/gesunde-kinderschuhe.de\/wp-content\/uploads\/2023\/02\/EccoX-Trinsic-300x300.jpg 300w, https:\/\/gesunde-kinderschuhe.de\/wp-content\/uploads\/2023\/02\/EccoX-Trinsic-150x150.jpg 150w, https:\/\/gesunde-kinderschuhe.de\/wp-content\/uploads\/2023\/02\/EccoX-Trinsic-100x100.jpg 100w\" sizes=\"auto, (max-width: 400px) 100vw, 400px\" \/><\/a><\/figure>\n<figcaption class=\"blocks-gallery-caption wp-element-caption\"><em><span style=\"background-color: rgb(255, 255, 255);\">Ecco Sandale<\/span> &#8222;X-Trinsic&#8220;, luftig, strapazierf\u00e4hig und wassertauglich<\/em><br><em>\u20ac 84,90<\/em> <\/figcaption><\/figure>\n\n\n\n<figure class=\"wp-block-gallery has-nested-images columns-default is-cropped wp-block-gallery-8 is-layout-flex wp-block-gallery-is-layout-flex\">\n<figure class=\"wp-block-image size-large\"><img loading=\"lazy\" decoding=\"async\" width=\"454\" height=\"245\" data-id=\"458\" src=\"https:\/\/gesunde-kinderschuhe.de\/wp-content\/uploads\/2020\/05\/RicostaGerald.jpg\" alt=\"\" class=\"wp-image-458\" srcset=\"https:\/\/gesunde-kinderschuhe.de\/wp-content\/uploads\/2020\/05\/RicostaGerald.jpg 454w, https:\/\/gesunde-kinderschuhe.de\/wp-content\/uploads\/2020\/05\/RicostaGerald-300x162.jpg 300w\" sizes=\"auto, (max-width: 454px) 100vw, 454px\" \/><\/figure>\n<figcaption class=\"blocks-gallery-caption wp-element-caption\">Ricosta, Sommerschuh mit variablem Gummizug, Lederfu\u00dfbett<br>ab EUR 64,90<\/figcaption><\/figure>\n\n\n\n<figure class=\"wp-block-gallery has-nested-images columns-default is-cropped wp-block-gallery-9 is-layout-flex wp-block-gallery-is-layout-flex\">\n<figure class=\"wp-block-image size-large\"><img loading=\"lazy\" decoding=\"async\" width=\"454\" height=\"270\" data-id=\"457\" src=\"https:\/\/gesunde-kinderschuhe.de\/wp-content\/uploads\/2020\/05\/RicostaChapp-1.jpg\" alt=\"\" class=\"wp-image-457\" srcset=\"https:\/\/gesunde-kinderschuhe.de\/wp-content\/uploads\/2020\/05\/RicostaChapp-1.jpg 454w, https:\/\/gesunde-kinderschuhe.de\/wp-content\/uploads\/2020\/05\/RicostaChapp-1-300x178.jpg 300w\" sizes=\"auto, (max-width: 454px) 100vw, 454px\" \/><\/figure>\n<figcaption class=\"blocks-gallery-caption wp-element-caption\"><em>Ricosta\/Pepino Barfu\u00dfschuh aus weichem Nubukleder, bis Gr.26, futterlos, rutschfeste Sohle<\/em><br><em>EUR 72,90<\/em><\/figcaption><\/figure>\n\n\n\n<figure class=\"wp-block-gallery has-nested-images columns-default is-cropped wp-block-gallery-10 is-layout-flex wp-block-gallery-is-layout-flex\">\n<figure class=\"wp-block-image size-large\"><img loading=\"lazy\" decoding=\"async\" width=\"454\" height=\"256\" data-id=\"432\" src=\"https:\/\/gesunde-kinderschuhe.de\/wp-content\/uploads\/2020\/04\/RicostaBirte.jpg\" alt=\"\" class=\"wp-image-432\" srcset=\"https:\/\/gesunde-kinderschuhe.de\/wp-content\/uploads\/2020\/04\/RicostaBirte.jpg 454w, https:\/\/gesunde-kinderschuhe.de\/wp-content\/uploads\/2020\/04\/RicostaBirte-300x169.jpg 300w\" sizes=\"auto, (max-width: 454px) 100vw, 454px\" \/><\/figure>\n<figcaption class=\"blocks-gallery-caption wp-element-caption\">Ricosta, Modell &#8222;Birte&#8220;, Ledersandalette mit Klettverschluss, Lederfu\u00dfbett<br>ab \u20ac 64,90<\/figcaption><\/figure>\n\n\n\n<figure class=\"wp-block-gallery has-nested-images columns-default is-cropped wp-block-gallery-11 is-layout-flex wp-block-gallery-is-layout-flex\">\n<figure class=\"wp-block-image size-large\"><img loading=\"lazy\" decoding=\"async\" width=\"454\" height=\"268\" data-id=\"420\" src=\"https:\/\/gesunde-kinderschuhe.de\/wp-content\/uploads\/2020\/04\/Ric.Barfu\u00dfschuh1-1.jpg\" alt=\"\" class=\"wp-image-420\" srcset=\"https:\/\/gesunde-kinderschuhe.de\/wp-content\/uploads\/2020\/04\/Ric.Barfu\u00dfschuh1-1.jpg 454w, https:\/\/gesunde-kinderschuhe.de\/wp-content\/uploads\/2020\/04\/Ric.Barfu\u00dfschuh1-1-300x177.jpg 300w\" sizes=\"auto, (max-width: 454px) 100vw, 454px\" \/><\/figure>\n\n\n\n<figure class=\"wp-block-image size-large\"><img loading=\"lazy\" decoding=\"async\" width=\"454\" height=\"298\" data-id=\"431\" src=\"https:\/\/gesunde-kinderschuhe.de\/wp-content\/uploads\/2020\/04\/Ric.Barfu\u00dfschuh3.jpg\" alt=\"\" class=\"wp-image-431\" srcset=\"https:\/\/gesunde-kinderschuhe.de\/wp-content\/uploads\/2020\/04\/Ric.Barfu\u00dfschuh3.jpg 454w, https:\/\/gesunde-kinderschuhe.de\/wp-content\/uploads\/2020\/04\/Ric.Barfu\u00dfschuh3-300x197.jpg 300w\" sizes=\"auto, (max-width: 454px) 100vw, 454px\" \/><\/figure>\n<figcaption class=\"blocks-gallery-caption wp-element-caption\">Ricosta\/Pepino Modell &#8222;Flipp&#8220;, luftiges Mesh, Barfu\u00dfschuhe, bis Gr.26<br>\u20ac 59,90<\/figcaption><\/figure>\n\n\n\n<figure class=\"wp-block-gallery has-nested-images columns-default is-cropped wp-block-gallery-12 is-layout-flex wp-block-gallery-is-layout-flex\">\n<figure class=\"wp-block-image size-large\"><img loading=\"lazy\" decoding=\"async\" width=\"454\" height=\"289\" data-id=\"389\" src=\"https:\/\/gesunde-kinderschuhe.de\/wp-content\/uploads\/2020\/03\/EccoIntrinsic70554250366.jpg\" alt=\"\" class=\"wp-image-389\" srcset=\"https:\/\/gesunde-kinderschuhe.de\/wp-content\/uploads\/2020\/03\/EccoIntrinsic70554250366.jpg 454w, https:\/\/gesunde-kinderschuhe.de\/wp-content\/uploads\/2020\/03\/EccoIntrinsic70554250366-300x191.jpg 300w\" sizes=\"auto, (max-width: 454px) 100vw, 454px\" \/><\/figure>\n<figcaption class=\"blocks-gallery-caption wp-element-caption\">Ecco M\u00e4dchen-Sandale aus Leder, weich gepolstert<br>\u20ac 64,90<\/figcaption><\/figure>\n","protected":false},"excerpt":{"rendered":"<p>Hier eine kleine Auswahl an vorr\u00e4tigen Sommerschuhen f\u00fcr Kinder. Eine Anzahl weiterer Modelle sind in den einzelnen Gr\u00f6\u00dfen (18-40) verf\u00fcgbar.<\/p>\n","protected":false},"author":1,"featured_media":0,"parent":0,"menu_order":0,"comment_status":"closed","ping_status":"closed","template":"","meta":{"footnotes":""},"class_list":["post-160","page","type-page","status-publish","hentry"],"yoast_head":"<!-- This site is optimized with the Yoast SEO plugin v27.2 - https:\/\/yoast.com\/product\/yoast-seo-wordpress\/ -->\n<title>Sommerschuhe - Schuhe im Schwarzatal<\/title>\n<meta name=\"robots\" content=\"index, follow, max-snippet:-1, max-image-preview:large, max-video-preview:-1\" \/>\n<link rel=\"canonical\" href=\"https:\/\/gesunde-kinderschuhe.de\/?page_id=160\" \/>\n<meta property=\"og:locale\" content=\"de_DE\" \/>\n<meta property=\"og:type\" content=\"article\" \/>\n<meta property=\"og:title\" content=\"Sommerschuhe - Schuhe im Schwarzatal\" \/>\n<meta property=\"og:description\" content=\"Hier eine kleine Auswahl an vorr\u00e4tigen Sommerschuhen f\u00fcr Kinder. Eine Anzahl weiterer Modelle sind in den einzelnen Gr\u00f6\u00dfen (18-40) verf\u00fcgbar.\" \/>\n<meta property=\"og:url\" content=\"https:\/\/gesunde-kinderschuhe.de\/?page_id=160\" \/>\n<meta property=\"og:site_name\" content=\"Schuhe im Schwarzatal\" \/>\n<meta property=\"article:modified_time\" content=\"2024-04-15T13:04:05+00:00\" \/>\n<meta property=\"og:image\" content=\"https:\/\/gesunde-kinderschuhe.de\/wp-content\/uploads\/2021\/03\/Arioso.jpg\" \/>\n<meta name=\"twitter:card\" content=\"summary_large_image\" \/>\n<meta name=\"twitter:label1\" content=\"Gesch\u00e4tzte Lesezeit\" \/>\n\t<meta name=\"twitter:data1\" content=\"5\u00a0Minuten\" \/>\n<script type=\"application\/ld+json\" class=\"yoast-schema-graph\">{\"@context\":\"https:\/\/schema.org\",\"@graph\":[{\"@type\":\"WebPage\",\"@id\":\"https:\/\/gesunde-kinderschuhe.de\/?page_id=160\",\"url\":\"https:\/\/gesunde-kinderschuhe.de\/?page_id=160\",\"name\":\"Sommerschuhe - Schuhe im Schwarzatal\",\"isPartOf\":{\"@id\":\"https:\/\/gesunde-kinderschuhe.de\/#website\"},\"primaryImageOfPage\":{\"@id\":\"https:\/\/gesunde-kinderschuhe.de\/?page_id=160#primaryimage\"},\"image\":{\"@id\":\"https:\/\/gesunde-kinderschuhe.de\/?page_id=160#primaryimage\"},\"thumbnailUrl\":\"https:\/\/gesunde-kinderschuhe.de\/wp-content\/uploads\/2021\/03\/Arioso.jpg\",\"datePublished\":\"2020-03-06T13:58:12+00:00\",\"dateModified\":\"2024-04-15T13:04:05+00:00\",\"breadcrumb\":{\"@id\":\"https:\/\/gesunde-kinderschuhe.de\/?page_id=160#breadcrumb\"},\"inLanguage\":\"de\",\"potentialAction\":[{\"@type\":\"ReadAction\",\"target\":[\"https:\/\/gesunde-kinderschuhe.de\/?page_id=160\"]}]},{\"@type\":\"ImageObject\",\"inLanguage\":\"de\",\"@id\":\"https:\/\/gesunde-kinderschuhe.de\/?page_id=160#primaryimage\",\"url\":\"https:\/\/gesunde-kinderschuhe.de\/wp-content\/uploads\/2021\/03\/Arioso.jpg\",\"contentUrl\":\"https:\/\/gesunde-kinderschuhe.de\/wp-content\/uploads\/2021\/03\/Arioso.jpg\",\"width\":600,\"height\":305},{\"@type\":\"BreadcrumbList\",\"@id\":\"https:\/\/gesunde-kinderschuhe.de\/?page_id=160#breadcrumb\",\"itemListElement\":[{\"@type\":\"ListItem\",\"position\":1,\"name\":\"Startseite\",\"item\":\"https:\/\/gesunde-kinderschuhe.de\/\"},{\"@type\":\"ListItem\",\"position\":2,\"name\":\"Sommerschuhe\"}]},{\"@type\":\"WebSite\",\"@id\":\"https:\/\/gesunde-kinderschuhe.de\/#website\",\"url\":\"https:\/\/gesunde-kinderschuhe.de\/\",\"name\":\"Schuhe im Schwarzatal\",\"description\":\"Fachgesch\u00e4ft f\u00fcr Kinderschuhe, Wanderschuhe, Barfu\u00dfschuhe\",\"potentialAction\":[{\"@type\":\"SearchAction\",\"target\":{\"@type\":\"EntryPoint\",\"urlTemplate\":\"https:\/\/gesunde-kinderschuhe.de\/?s={search_term_string}\"},\"query-input\":{\"@type\":\"PropertyValueSpecification\",\"valueRequired\":true,\"valueName\":\"search_term_string\"}}],\"inLanguage\":\"de\"}]}<\/script>\n<!-- \/ Yoast SEO plugin. -->","yoast_head_json":{"title":"Sommerschuhe - Schuhe im Schwarzatal","robots":{"index":"index","follow":"follow","max-snippet":"max-snippet:-1","max-image-preview":"max-image-preview:large","max-video-preview":"max-video-preview:-1"},"canonical":"https:\/\/gesunde-kinderschuhe.de\/?page_id=160","og_locale":"de_DE","og_type":"article","og_title":"Sommerschuhe - Schuhe im Schwarzatal","og_description":"Hier eine kleine Auswahl an vorr\u00e4tigen Sommerschuhen f\u00fcr Kinder. Eine Anzahl weiterer Modelle sind in den einzelnen Gr\u00f6\u00dfen (18-40) verf\u00fcgbar.","og_url":"https:\/\/gesunde-kinderschuhe.de\/?page_id=160","og_site_name":"Schuhe im Schwarzatal","article_modified_time":"2024-04-15T13:04:05+00:00","og_image":[{"url":"https:\/\/gesunde-kinderschuhe.de\/wp-content\/uploads\/2021\/03\/Arioso.jpg","type":"","width":"","height":""}],"twitter_card":"summary_large_image","twitter_misc":{"Gesch\u00e4tzte Lesezeit":"5\u00a0Minuten"},"schema":{"@context":"https:\/\/schema.org","@graph":[{"@type":"WebPage","@id":"https:\/\/gesunde-kinderschuhe.de\/?page_id=160","url":"https:\/\/gesunde-kinderschuhe.de\/?page_id=160","name":"Sommerschuhe - Schuhe im Schwarzatal","isPartOf":{"@id":"https:\/\/gesunde-kinderschuhe.de\/#website"},"primaryImageOfPage":{"@id":"https:\/\/gesunde-kinderschuhe.de\/?page_id=160#primaryimage"},"image":{"@id":"https:\/\/gesunde-kinderschuhe.de\/?page_id=160#primaryimage"},"thumbnailUrl":"https:\/\/gesunde-kinderschuhe.de\/wp-content\/uploads\/2021\/03\/Arioso.jpg","datePublished":"2020-03-06T13:58:12+00:00","dateModified":"2024-04-15T13:04:05+00:00","breadcrumb":{"@id":"https:\/\/gesunde-kinderschuhe.de\/?page_id=160#breadcrumb"},"inLanguage":"de","potentialAction":[{"@type":"ReadAction","target":["https:\/\/gesunde-kinderschuhe.de\/?page_id=160"]}]},{"@type":"ImageObject","inLanguage":"de","@id":"https:\/\/gesunde-kinderschuhe.de\/?page_id=160#primaryimage","url":"https:\/\/gesunde-kinderschuhe.de\/wp-content\/uploads\/2021\/03\/Arioso.jpg","contentUrl":"https:\/\/gesunde-kinderschuhe.de\/wp-content\/uploads\/2021\/03\/Arioso.jpg","width":600,"height":305},{"@type":"BreadcrumbList","@id":"https:\/\/gesunde-kinderschuhe.de\/?page_id=160#breadcrumb","itemListElement":[{"@type":"ListItem","position":1,"name":"Startseite","item":"https:\/\/gesunde-kinderschuhe.de\/"},{"@type":"ListItem","position":2,"name":"Sommerschuhe"}]},{"@type":"WebSite","@id":"https:\/\/gesunde-kinderschuhe.de\/#website","url":"https:\/\/gesunde-kinderschuhe.de\/","name":"Schuhe im Schwarzatal","description":"Fachgesch\u00e4ft f\u00fcr Kinderschuhe, Wanderschuhe, Barfu\u00dfschuhe","potentialAction":[{"@type":"SearchAction","target":{"@type":"EntryPoint","urlTemplate":"https:\/\/gesunde-kinderschuhe.de\/?s={search_term_string}"},"query-input":{"@type":"PropertyValueSpecification","valueRequired":true,"valueName":"search_term_string"}}],"inLanguage":"de"}]}},"_links":{"self":[{"href":"https:\/\/gesunde-kinderschuhe.de\/index.php?rest_route=\/wp\/v2\/pages\/160","targetHints":{"allow":["GET"]}}],"collection":[{"href":"https:\/\/gesunde-kinderschuhe.de\/index.php?rest_route=\/wp\/v2\/pages"}],"about":[{"href":"https:\/\/gesunde-kinderschuhe.de\/index.php?rest_route=\/wp\/v2\/types\/page"}],"author":[{"embeddable":true,"href":"https:\/\/gesunde-kinderschuhe.de\/index.php?rest_route=\/wp\/v2\/users\/1"}],"replies":[{"embeddable":true,"href":"https:\/\/gesunde-kinderschuhe.de\/index.php?rest_route=%2Fwp%2Fv2%2Fcomments&post=160"}],"version-history":[{"count":24,"href":"https:\/\/gesunde-kinderschuhe.de\/index.php?rest_route=\/wp\/v2\/pages\/160\/revisions"}],"predecessor-version":[{"id":1188,"href":"https:\/\/gesunde-kinderschuhe.de\/index.php?rest_route=\/wp\/v2\/pages\/160\/revisions\/1188"}],"wp:attachment":[{"href":"https:\/\/gesunde-kinderschuhe.de\/index.php?rest_route=%2Fwp%2Fv2%2Fmedia&parent=160"}],"curies":[{"name":"wp","href":"https:\/\/api.w.org\/{rel}","templated":true}]}}