{"id":157,"date":"2020-03-06T09:06:26","date_gmt":"2020-03-06T09:06:26","guid":{"rendered":"https:\/\/gesunde-kinderschuhe.de\/?page_id=157"},"modified":"2025-12-08T13:30:46","modified_gmt":"2025-12-08T13:30:46","slug":"outdoorschuhe-damen","status":"publish","type":"page","link":"https:\/\/gesunde-kinderschuhe.de\/?page_id=157","title":{"rendered":"Outdoorschuhe Damen"},"content":{"rendered":"\n<p>Hier eine \u00dcbersicht zum Angebot an Damen-Wanderschuhen. Es sind noch eine Vielzahl weiterer Modelle vorhanden die Sie unter fachkundiger Beratung probieren k\u00f6nnen.<br \/>Zubeh\u00f6r: Wanderst\u00f6cke, Rucks\u00e4cke, Funktionssocken, Pflegemittel<\/p>\n<p>\u00a0<\/p>\n<p>\u00a0<\/p>\n\n\n\n<figure class=\"wp-block-gallery has-nested-images columns-default is-cropped wp-block-gallery-2 is-layout-flex wp-block-gallery-is-layout-flex\">\n<figure class=\"wp-block-image size-full\"><a href=\"https:\/\/gesunde-kinderschuhe.de\/wp-content\/uploads\/2025\/03\/321822__3090.jpg\" data-rel=\"lightbox-image-0\" data-rl_title=\"\" data-rl_caption=\"\" title=\"\"><img loading=\"lazy\" decoding=\"async\" width=\"480\" height=\"344\" data-id=\"1281\" src=\"https:\/\/gesunde-kinderschuhe.de\/wp-content\/uploads\/2025\/03\/321822__3090.jpg\" alt=\"\" class=\"wp-image-1281\" srcset=\"https:\/\/gesunde-kinderschuhe.de\/wp-content\/uploads\/2025\/03\/321822__3090.jpg 480w, https:\/\/gesunde-kinderschuhe.de\/wp-content\/uploads\/2025\/03\/321822__3090-300x215.jpg 300w\" sizes=\"auto, (max-width: 480px) 100vw, 480px\" \/><\/a><\/figure>\n<figcaption class=\"blocks-gallery-caption wp-element-caption\">Lowa &#8222;FortuxGTX QC Ws&#8220;, leichter und atmungsaktiver Schn\u00fcrschuh f\u00fcr Damen, sehr gute D\u00e4mpfung und Halt im Kn\u00f6chelbereich, wasserdicht und auswechselbare Innensohle<br>EUR 199,90<\/figcaption><\/figure>\n\n\n\n<figure class=\"wp-block-gallery has-nested-images columns-default is-cropped wp-block-gallery-3 is-layout-flex wp-block-gallery-is-layout-flex\">\n<figure class=\"wp-block-image size-large\"><a href=\"https:\/\/gesunde-kinderschuhe.de\/wp-content\/uploads\/2023\/06\/ToroLLmarine.jpg\" data-rel=\"lightbox-image-1\" data-rl_title=\"\" data-rl_caption=\"\" title=\"\"><img loading=\"lazy\" decoding=\"async\" width=\"600\" height=\"296\" data-id=\"1092\" src=\"https:\/\/gesunde-kinderschuhe.de\/wp-content\/uploads\/2023\/06\/ToroLLmarine.jpg\" alt=\"\" class=\"wp-image-1092\" srcset=\"https:\/\/gesunde-kinderschuhe.de\/wp-content\/uploads\/2023\/06\/ToroLLmarine.jpg 600w, https:\/\/gesunde-kinderschuhe.de\/wp-content\/uploads\/2023\/06\/ToroLLmarine-300x148.jpg 300w\" sizes=\"auto, (max-width: 600px) 100vw, 600px\" \/><\/a><\/figure>\n<figcaption class=\"blocks-gallery-caption wp-element-caption\">Lowa-Wanderhalbschuh &#8222;Toro EVO Lo&#8220; aus Leder, hochwertiges Innenfutter ebenfalls aus Leder, super bequem<br>EUR 169,90<\/figcaption><\/figure>\n\n\n\n<figure class=\"wp-block-gallery has-nested-images columns-default is-cropped wp-block-gallery-4 is-layout-flex wp-block-gallery-is-layout-flex\">\n<figure class=\"wp-block-image size-full\"><a href=\"https:\/\/gesunde-kinderschuhe.de\/wp-content\/uploads\/2025\/12\/521311__7979.jpg\" data-rel=\"lightbox-image-2\" data-rl_title=\"\" data-rl_caption=\"\" title=\"\"><img loading=\"lazy\" decoding=\"async\" width=\"480\" height=\"244\" data-id=\"1358\" src=\"https:\/\/gesunde-kinderschuhe.de\/wp-content\/uploads\/2025\/12\/521311__7979.jpg\" alt=\"\" class=\"wp-image-1358\" srcset=\"https:\/\/gesunde-kinderschuhe.de\/wp-content\/uploads\/2025\/12\/521311__7979.jpg 480w, https:\/\/gesunde-kinderschuhe.de\/wp-content\/uploads\/2025\/12\/521311__7979-300x153.jpg 300w\" sizes=\"auto, (max-width: 480px) 100vw, 480px\" \/><\/a><\/figure>\n<figcaption class=\"blocks-gallery-caption wp-element-caption\">Lowa &#8222;MeadowGTXWs&#8220;, leichter Outdoorschuh mit perfekter Passform, praktischer Schnellverschluss und wasserdicht ausgestattet, Wechselfu\u00dfbett<br>EUR 179,90<\/figcaption><\/figure>\n\n\n\n<figure class=\"wp-block-gallery has-nested-images columns-default is-cropped wp-block-gallery-5 is-layout-flex wp-block-gallery-is-layout-flex\">\n<figure class=\"wp-block-image size-large\"><a href=\"https:\/\/gesunde-kinderschuhe.de\/wp-content\/uploads\/2022\/03\/1__320805____6959.jpg\" data-rel=\"lightbox-image-3\" data-rl_title=\"\" data-rl_caption=\"\" title=\"\"><img loading=\"lazy\" decoding=\"async\" width=\"600\" height=\"323\" data-id=\"868\" src=\"https:\/\/gesunde-kinderschuhe.de\/wp-content\/uploads\/2022\/03\/1__320805____6959.jpg\" alt=\"\" class=\"wp-image-868\" srcset=\"https:\/\/gesunde-kinderschuhe.de\/wp-content\/uploads\/2022\/03\/1__320805____6959.jpg 600w, https:\/\/gesunde-kinderschuhe.de\/wp-content\/uploads\/2022\/03\/1__320805____6959-300x162.jpg 300w\" sizes=\"auto, (max-width: 600px) 100vw, 600px\" \/><\/a><\/figure>\n<figcaption class=\"blocks-gallery-caption wp-element-caption\">Lowa &#8222;SirkosGTX&#8220;, stabiler Halbschuh f\u00fcr Damen, Obermaterial Velourleder mit Textil kombiniert, wasserdicht, wechselbare Fu\u00dfbettsohle, griffige Profilsohle mit guter Seitenstabilisierung<br>EUR 155,-<\/figcaption><\/figure>\n\n\n\n<figure class=\"wp-block-gallery has-nested-images columns-default is-cropped wp-block-gallery-6 is-layout-flex wp-block-gallery-is-layout-flex\">\n<figure class=\"wp-block-image size-large\"><img loading=\"lazy\" decoding=\"async\" width=\"600\" height=\"444\" data-id=\"815\" src=\"https:\/\/gesunde-kinderschuhe.de\/wp-content\/uploads\/2022\/01\/LadyLight.jpg\" alt=\"\" class=\"wp-image-815\" srcset=\"https:\/\/gesunde-kinderschuhe.de\/wp-content\/uploads\/2022\/01\/LadyLight.jpg 600w, https:\/\/gesunde-kinderschuhe.de\/wp-content\/uploads\/2022\/01\/LadyLight-300x222.jpg 300w\" sizes=\"auto, (max-width: 600px) 100vw, 600px\" \/><\/figure>\n<figcaption class=\"blocks-gallery-caption wp-element-caption\">Lowa-Trekkingschuhe &#8222;Lady Light&#8220;, Lederschuhe aus hochwertigem Nubuk, durchgehendes butterweiches Lederfutter, f\u00fcr anspruchsvolle Wanderungen<br>EUR 229,90<\/figcaption><\/figure>\n\n\n\n<figure class=\"wp-block-gallery has-nested-images columns-default is-cropped wp-block-gallery-7 is-layout-flex wp-block-gallery-is-layout-flex\">\n<figure class=\"wp-block-image size-large\"><a href=\"https:\/\/gesunde-kinderschuhe.de\/wp-content\/uploads\/2021\/04\/1__320721____0774.jpg\" data-rel=\"lightbox-image-4\" data-rl_title=\"\" data-rl_caption=\"\" title=\"\"><img loading=\"lazy\" decoding=\"async\" width=\"600\" height=\"439\" data-id=\"661\" src=\"https:\/\/gesunde-kinderschuhe.de\/wp-content\/uploads\/2021\/04\/1__320721____0774.jpg\" alt=\"\" class=\"wp-image-661\" srcset=\"https:\/\/gesunde-kinderschuhe.de\/wp-content\/uploads\/2021\/04\/1__320721____0774.jpg 600w, https:\/\/gesunde-kinderschuhe.de\/wp-content\/uploads\/2021\/04\/1__320721____0774-300x220.jpg 300w\" sizes=\"auto, (max-width: 600px) 100vw, 600px\" \/><\/a><\/figure>\n\n\n\n<figure class=\"wp-block-image size-large\"><a href=\"https:\/\/gesunde-kinderschuhe.de\/wp-content\/uploads\/2023\/05\/ToroWsGraphitJade.jpg\" data-rel=\"lightbox-image-5\" data-rl_title=\"\" data-rl_caption=\"\" title=\"\"><img loading=\"lazy\" decoding=\"async\" width=\"600\" height=\"413\" data-id=\"1056\" src=\"https:\/\/gesunde-kinderschuhe.de\/wp-content\/uploads\/2023\/05\/ToroWsGraphitJade.jpg\" alt=\"\" class=\"wp-image-1056\" srcset=\"https:\/\/gesunde-kinderschuhe.de\/wp-content\/uploads\/2023\/05\/ToroWsGraphitJade.jpg 600w, https:\/\/gesunde-kinderschuhe.de\/wp-content\/uploads\/2023\/05\/ToroWsGraphitJade-300x207.jpg 300w\" sizes=\"auto, (max-width: 600px) 100vw, 600px\" \/><\/a><\/figure>\n<figcaption class=\"blocks-gallery-caption wp-element-caption\"><em>Lowa-Leichtwanderschuh \u201eToroEVO\u201c, wasserdicht und atmungsaktiv durch Goretex, hervorragende Passform,<\/em><br><em>EUR 199,90<\/em><\/figcaption><\/figure>\n\n\n\n<figure class=\"wp-block-gallery has-nested-images columns-default is-cropped wp-block-gallery-8 is-layout-flex wp-block-gallery-is-layout-flex\">\n<figure class=\"wp-block-image size-full\"><a href=\"https:\/\/gesunde-kinderschuhe.de\/wp-content\/uploads\/2023\/01\/RenegadeBlauDamen.jpg\" data-rel=\"lightbox-image-6\" data-rl_title=\"\" data-rl_caption=\"\" title=\"\"><img loading=\"lazy\" decoding=\"async\" width=\"600\" height=\"435\" data-id=\"971\" src=\"https:\/\/gesunde-kinderschuhe.de\/wp-content\/uploads\/2023\/01\/RenegadeBlauDamen.jpg\" alt=\"\" class=\"wp-image-971\" srcset=\"https:\/\/gesunde-kinderschuhe.de\/wp-content\/uploads\/2023\/01\/RenegadeBlauDamen.jpg 600w, https:\/\/gesunde-kinderschuhe.de\/wp-content\/uploads\/2023\/01\/RenegadeBlauDamen-300x218.jpg 300w\" sizes=\"auto, (max-width: 600px) 100vw, 600px\" \/><\/a><\/figure>\n\n\n\n<figure class=\"wp-block-image size-large\"><a href=\"https:\/\/gesunde-kinderschuhe.de\/wp-content\/uploads\/2022\/01\/RenegadeWsEspresso.jpg\" data-rel=\"lightbox-image-7\" data-rl_title=\"\" data-rl_caption=\"\" title=\"\"><img loading=\"lazy\" decoding=\"async\" width=\"600\" height=\"451\" data-id=\"810\" src=\"https:\/\/gesunde-kinderschuhe.de\/wp-content\/uploads\/2022\/01\/RenegadeWsEspresso.jpg\" alt=\"\" class=\"wp-image-810\" srcset=\"https:\/\/gesunde-kinderschuhe.de\/wp-content\/uploads\/2022\/01\/RenegadeWsEspresso.jpg 600w, https:\/\/gesunde-kinderschuhe.de\/wp-content\/uploads\/2022\/01\/RenegadeWsEspresso-300x226.jpg 300w\" sizes=\"auto, (max-width: 600px) 100vw, 600px\" \/><\/a><\/figure>\n\n\n\n<figure class=\"wp-block-image size-large\"><a href=\"https:\/\/gesunde-kinderschuhe.de\/wp-content\/uploads\/2023\/05\/RenegadeSWdamen.jpg\" data-rel=\"lightbox-image-8\" data-rl_title=\"\" data-rl_caption=\"\" title=\"\"><img loading=\"lazy\" decoding=\"async\" width=\"600\" height=\"455\" data-id=\"1054\" src=\"https:\/\/gesunde-kinderschuhe.de\/wp-content\/uploads\/2023\/05\/RenegadeSWdamen.jpg\" alt=\"\" class=\"wp-image-1054\" srcset=\"https:\/\/gesunde-kinderschuhe.de\/wp-content\/uploads\/2023\/05\/RenegadeSWdamen.jpg 600w, https:\/\/gesunde-kinderschuhe.de\/wp-content\/uploads\/2023\/05\/RenegadeSWdamen-300x228.jpg 300w\" sizes=\"auto, (max-width: 600px) 100vw, 600px\" \/><\/a><\/figure>\n<figcaption class=\"blocks-gallery-caption wp-element-caption\">Lowa-Klassiker \u201cRenegadeGTXMidWs\u201d, stabiler Allroundwanderschuh aus Leder, wasserdicht, Vibramsohle<br>EUR 219,90<\/figcaption><\/figure>\n\n\n\n<figure class=\"wp-block-gallery has-nested-images columns-default is-cropped wp-block-gallery-9 is-layout-flex wp-block-gallery-is-layout-flex\">\n<figure class=\"wp-block-image size-large\"><img loading=\"lazy\" decoding=\"async\" width=\"600\" height=\"329\" data-id=\"1057\" src=\"https:\/\/gesunde-kinderschuhe.de\/wp-content\/uploads\/2023\/05\/FerroxGTXrauchgruenGold.jpg\" alt=\"\" class=\"wp-image-1057\" srcset=\"https:\/\/gesunde-kinderschuhe.de\/wp-content\/uploads\/2023\/05\/FerroxGTXrauchgruenGold.jpg 600w, https:\/\/gesunde-kinderschuhe.de\/wp-content\/uploads\/2023\/05\/FerroxGTXrauchgruenGold-300x165.jpg 300w\" sizes=\"auto, (max-width: 600px) 100vw, 600px\" \/><\/figure>\n<figcaption class=\"blocks-gallery-caption wp-element-caption\"><em>Lowa &#8222;Ferrox GTX&#8220;, leichter und atmungsaktiver Schn\u00fcrschuh f\u00fcr Damen, gute D\u00e4mpfung und F\u00fchrung<\/em><br><em>des Fu\u00dfes, wasserdicht und auswechselbare Innensohle<\/em><br><em>EUR 159,90<\/em><\/figcaption><\/figure>\n\n\n\n<figure class=\"wp-block-gallery has-nested-images columns-default is-cropped wp-block-gallery-10 is-layout-flex wp-block-gallery-is-layout-flex\">\n<figure class=\"wp-block-image size-large\"><img loading=\"lazy\" decoding=\"async\" width=\"1024\" height=\"650\" data-id=\"578\" src=\"https:\/\/gesunde-kinderschuhe.de\/wp-content\/uploads\/2020\/10\/84306351052-1024x650.jpg\" alt=\"\" class=\"wp-image-578\" srcset=\"https:\/\/gesunde-kinderschuhe.de\/wp-content\/uploads\/2020\/10\/84306351052-1024x650.jpg 1024w, https:\/\/gesunde-kinderschuhe.de\/wp-content\/uploads\/2020\/10\/84306351052-300x190.jpg 300w, https:\/\/gesunde-kinderschuhe.de\/wp-content\/uploads\/2020\/10\/84306351052-768x487.jpg 768w, https:\/\/gesunde-kinderschuhe.de\/wp-content\/uploads\/2020\/10\/84306351052-1536x975.jpg 1536w, https:\/\/gesunde-kinderschuhe.de\/wp-content\/uploads\/2020\/10\/84306351052-2048x1300.jpg 2048w\" sizes=\"auto, (max-width: 767px) 89vw, (max-width: 1000px) 54vw, (max-width: 1071px) 543px, 580px\" \/><\/figure>\n<figcaption class=\"blocks-gallery-caption wp-element-caption\">Ecco&#8220;Terracruise&#8220;, leichter Halbschuh aus Meshgewebe mit wasserdichter Goretexmembran, griffige Profilsohle und praktischer Schnellverschluss<br>EUR 149,90<\/figcaption><\/figure>\n\n\n\n<figure class=\"wp-block-gallery has-nested-images columns-default is-cropped wp-block-gallery-11 is-layout-flex wp-block-gallery-is-layout-flex\">\n<figure class=\"wp-block-image size-full\"><a href=\"https:\/\/gesunde-kinderschuhe.de\/wp-content\/uploads\/2025\/12\/321417__5946.jpg\" data-rel=\"lightbox-image-9\" data-rl_title=\"\" data-rl_caption=\"\" title=\"\"><img loading=\"lazy\" decoding=\"async\" width=\"480\" height=\"293\" data-id=\"1357\" src=\"https:\/\/gesunde-kinderschuhe.de\/wp-content\/uploads\/2025\/12\/321417__5946.jpg\" alt=\"\" class=\"wp-image-1357\" srcset=\"https:\/\/gesunde-kinderschuhe.de\/wp-content\/uploads\/2025\/12\/321417__5946.jpg 480w, https:\/\/gesunde-kinderschuhe.de\/wp-content\/uploads\/2025\/12\/321417__5946-300x183.jpg 300w\" sizes=\"auto, (max-width: 480px) 100vw, 480px\" \/><\/a><\/figure>\n\n\n\n<figure class=\"wp-block-image size-full\"><a href=\"https:\/\/gesunde-kinderschuhe.de\/wp-content\/uploads\/2024\/09\/InnoxII.jpg\" data-rel=\"lightbox-image-10\" data-rl_title=\"\" data-rl_caption=\"\" title=\"\"><img loading=\"lazy\" decoding=\"async\" width=\"480\" height=\"249\" data-id=\"1219\" src=\"https:\/\/gesunde-kinderschuhe.de\/wp-content\/uploads\/2024\/09\/InnoxII.jpg\" alt=\"\" class=\"wp-image-1219\" srcset=\"https:\/\/gesunde-kinderschuhe.de\/wp-content\/uploads\/2024\/09\/InnoxII.jpg 480w, https:\/\/gesunde-kinderschuhe.de\/wp-content\/uploads\/2024\/09\/InnoxII-300x156.jpg 300w\" sizes=\"auto, (max-width: 480px) 100vw, 480px\" \/><\/a><\/figure>\n<figcaption class=\"blocks-gallery-caption wp-element-caption\">Lowa\u201dInnoxEVOGTX\u201d, leichter Outdoorschn\u00fcrer, wasserdicht,<br>super bequem<br>EUR 169,90<\/figcaption><\/figure>\n\n\n\n<figure class=\"wp-block-gallery has-nested-images columns-default is-cropped wp-block-gallery-12 is-layout-flex wp-block-gallery-is-layout-flex\">\n<figure class=\"wp-block-image size-large\"><a href=\"https:\/\/gesunde-kinderschuhe.de\/wp-content\/uploads\/2020\/03\/LowaFerroxProGTXmidWs.jpg\" data-rel=\"lightbox-image-11\" data-rl_title=\"\" data-rl_caption=\"\" title=\"\"><img loading=\"lazy\" decoding=\"async\" width=\"454\" height=\"306\" data-id=\"200\" src=\"https:\/\/gesunde-kinderschuhe.de\/wp-content\/uploads\/2020\/03\/LowaFerroxProGTXmidWs.jpg\" alt=\"\" class=\"wp-image-200\" srcset=\"https:\/\/gesunde-kinderschuhe.de\/wp-content\/uploads\/2020\/03\/LowaFerroxProGTXmidWs.jpg 454w, https:\/\/gesunde-kinderschuhe.de\/wp-content\/uploads\/2020\/03\/LowaFerroxProGTXmidWs-300x202.jpg 300w\" sizes=\"auto, (max-width: 454px) 100vw, 454px\" \/><\/a><\/figure>\n\n\n\n<figure class=\"wp-block-image size-large\"><a href=\"https:\/\/gesunde-kinderschuhe.de\/wp-content\/uploads\/2021\/04\/1__320651____9915.jpg\" data-rel=\"lightbox-image-12\" data-rl_title=\"\" data-rl_caption=\"\" title=\"\"><img loading=\"lazy\" decoding=\"async\" width=\"600\" height=\"406\" data-id=\"669\" src=\"https:\/\/gesunde-kinderschuhe.de\/wp-content\/uploads\/2021\/04\/1__320651____9915.jpg\" alt=\"\" class=\"wp-image-669\" srcset=\"https:\/\/gesunde-kinderschuhe.de\/wp-content\/uploads\/2021\/04\/1__320651____9915.jpg 600w, https:\/\/gesunde-kinderschuhe.de\/wp-content\/uploads\/2021\/04\/1__320651____9915-300x203.jpg 300w\" sizes=\"auto, (max-width: 600px) 100vw, 600px\" \/><\/a><\/figure>\n<figcaption class=\"blocks-gallery-caption wp-element-caption\"> <br>Lowa-Leichtwanderschuh \u201cFerroxProGTXMidWs\u201d, f\u00fcr leichtes Gel\u00e4nde und viele Kilometer<br>EUR 169,90 <\/figcaption><\/figure>\n\n\n\n<figure class=\"wp-block-gallery has-nested-images columns-default is-cropped wp-block-gallery-13 is-layout-flex wp-block-gallery-is-layout-flex\">\n<figure class=\"wp-block-image size-large\"><img loading=\"lazy\" decoding=\"async\" width=\"454\" height=\"236\" data-id=\"198\" src=\"https:\/\/gesunde-kinderschuhe.de\/wp-content\/uploads\/2020\/03\/LowaGorgonGTXWs.jpg\" alt=\"\" class=\"wp-image-198\" srcset=\"https:\/\/gesunde-kinderschuhe.de\/wp-content\/uploads\/2020\/03\/LowaGorgonGTXWs.jpg 454w, https:\/\/gesunde-kinderschuhe.de\/wp-content\/uploads\/2020\/03\/LowaGorgonGTXWs-300x156.jpg 300w\" sizes=\"auto, (max-width: 454px) 100vw, 454px\" \/><\/figure>\n<figcaption class=\"blocks-gallery-caption wp-element-caption\"> Lowa-Schn\u00fcrer \u201cGorgonGTXWs\u201d, leichter und stabiler Wanderhalbschuh<br>EUR 159,90 <\/figcaption><\/figure>\n\n\n\n<figure class=\"wp-block-gallery has-nested-images columns-default is-cropped wp-block-gallery-14 is-layout-flex wp-block-gallery-is-layout-flex\">\n<figure class=\"wp-block-image size-large\"><img loading=\"lazy\" decoding=\"async\" width=\"454\" height=\"369\" data-id=\"192\" src=\"https:\/\/gesunde-kinderschuhe.de\/wp-content\/uploads\/2020\/03\/LowaMauria.jpg\" alt=\"\" class=\"wp-image-192\" srcset=\"https:\/\/gesunde-kinderschuhe.de\/wp-content\/uploads\/2020\/03\/LowaMauria.jpg 454w, https:\/\/gesunde-kinderschuhe.de\/wp-content\/uploads\/2020\/03\/LowaMauria-300x244.jpg 300w\" sizes=\"auto, (max-width: 454px) 100vw, 454px\" \/><\/figure>\n<figcaption class=\"blocks-gallery-caption wp-element-caption\"> Lowa \u201cMauria\u201d, hochwertiger Trekkingschuh (Kat.B) f\u00fcr anspruchsvolle Touren, H\u00fcttenwanderungen usw.<br>EUR 259,90 <\/figcaption><\/figure>\n\n\n\n<figure class=\"wp-block-gallery has-nested-images columns-default is-cropped wp-block-gallery-15 is-layout-flex wp-block-gallery-is-layout-flex\">\n<figure class=\"wp-block-image size-large\"><img loading=\"lazy\" decoding=\"async\" width=\"454\" height=\"339\" data-id=\"191\" src=\"https:\/\/gesunde-kinderschuhe.de\/wp-content\/uploads\/2020\/03\/LowaSassa.jpg\" alt=\"\" class=\"wp-image-191\" srcset=\"https:\/\/gesunde-kinderschuhe.de\/wp-content\/uploads\/2020\/03\/LowaSassa.jpg 454w, https:\/\/gesunde-kinderschuhe.de\/wp-content\/uploads\/2020\/03\/LowaSassa-300x224.jpg 300w\" sizes=\"auto, (max-width: 454px) 100vw, 454px\" \/><\/figure>\n<figcaption class=\"blocks-gallery-caption wp-element-caption\"><br>&nbsp;<br>Lowa-Trekkingschuh (Kat.B) \u201cSassaGTX\u201d, geeignet f\u00fcr anspruchsvolle Wanderungen im Mittel- und Hochgebirge, weite Form<br>EUR 199,90 (ausverkauft)<\/figcaption><\/figure>\n\n\n\n<p><\/p>\n","protected":false},"excerpt":{"rendered":"<p>Hier eine \u00dcbersicht zum Angebot an Damen-Wanderschuhen. Es sind noch eine Vielzahl weiterer Modelle vorhanden die Sie unter fachkundiger Beratung probieren k\u00f6nnen.Zubeh\u00f6r: Wanderst\u00f6cke, Rucks\u00e4cke, Funktionssocken, Pflegemittel \u00a0 \u00a0<\/p>\n","protected":false},"author":1,"featured_media":0,"parent":0,"menu_order":0,"comment_status":"closed","ping_status":"closed","template":"","meta":{"footnotes":""},"class_list":["post-157","page","type-page","status-publish","hentry"],"yoast_head":"<!-- This site is optimized with the Yoast SEO plugin v27.2 - https:\/\/yoast.com\/product\/yoast-seo-wordpress\/ -->\n<title>Outdoorschuhe Damen - Schuhe im Schwarzatal<\/title>\n<meta name=\"robots\" content=\"index, follow, max-snippet:-1, max-image-preview:large, max-video-preview:-1\" \/>\n<link rel=\"canonical\" href=\"https:\/\/gesunde-kinderschuhe.de\/?page_id=157\" \/>\n<meta property=\"og:locale\" content=\"de_DE\" \/>\n<meta property=\"og:type\" content=\"article\" \/>\n<meta property=\"og:title\" content=\"Outdoorschuhe Damen - Schuhe im Schwarzatal\" \/>\n<meta property=\"og:description\" content=\"Hier eine \u00dcbersicht zum Angebot an Damen-Wanderschuhen. Es sind noch eine Vielzahl weiterer Modelle vorhanden die Sie unter fachkundiger Beratung probieren k\u00f6nnen.Zubeh\u00f6r: Wanderst\u00f6cke, Rucks\u00e4cke, Funktionssocken, Pflegemittel \u00a0 \u00a0\" \/>\n<meta property=\"og:url\" content=\"https:\/\/gesunde-kinderschuhe.de\/?page_id=157\" \/>\n<meta property=\"og:site_name\" content=\"Schuhe im Schwarzatal\" \/>\n<meta property=\"article:modified_time\" content=\"2025-12-08T13:30:46+00:00\" \/>\n<meta property=\"og:image\" content=\"https:\/\/gesunde-kinderschuhe.de\/wp-content\/uploads\/2025\/03\/321822__3090.jpg\" \/>\n\t<meta property=\"og:image:width\" content=\"480\" \/>\n\t<meta property=\"og:image:height\" content=\"344\" \/>\n\t<meta property=\"og:image:type\" content=\"image\/jpeg\" \/>\n<meta name=\"twitter:card\" content=\"summary_large_image\" \/>\n<meta name=\"twitter:label1\" content=\"Gesch\u00e4tzte Lesezeit\" \/>\n\t<meta name=\"twitter:data1\" content=\"6\u00a0Minuten\" \/>\n<script type=\"application\/ld+json\" class=\"yoast-schema-graph\">{\"@context\":\"https:\/\/schema.org\",\"@graph\":[{\"@type\":\"WebPage\",\"@id\":\"https:\/\/gesunde-kinderschuhe.de\/?page_id=157\",\"url\":\"https:\/\/gesunde-kinderschuhe.de\/?page_id=157\",\"name\":\"Outdoorschuhe Damen - Schuhe im Schwarzatal\",\"isPartOf\":{\"@id\":\"https:\/\/gesunde-kinderschuhe.de\/#website\"},\"primaryImageOfPage\":{\"@id\":\"https:\/\/gesunde-kinderschuhe.de\/?page_id=157#primaryimage\"},\"image\":{\"@id\":\"https:\/\/gesunde-kinderschuhe.de\/?page_id=157#primaryimage\"},\"thumbnailUrl\":\"https:\/\/gesunde-kinderschuhe.de\/wp-content\/uploads\/2025\/03\/321822__3090.jpg\",\"datePublished\":\"2020-03-06T09:06:26+00:00\",\"dateModified\":\"2025-12-08T13:30:46+00:00\",\"breadcrumb\":{\"@id\":\"https:\/\/gesunde-kinderschuhe.de\/?page_id=157#breadcrumb\"},\"inLanguage\":\"de\",\"potentialAction\":[{\"@type\":\"ReadAction\",\"target\":[\"https:\/\/gesunde-kinderschuhe.de\/?page_id=157\"]}]},{\"@type\":\"ImageObject\",\"inLanguage\":\"de\",\"@id\":\"https:\/\/gesunde-kinderschuhe.de\/?page_id=157#primaryimage\",\"url\":\"https:\/\/gesunde-kinderschuhe.de\/wp-content\/uploads\/2025\/03\/321822__3090.jpg\",\"contentUrl\":\"https:\/\/gesunde-kinderschuhe.de\/wp-content\/uploads\/2025\/03\/321822__3090.jpg\"},{\"@type\":\"BreadcrumbList\",\"@id\":\"https:\/\/gesunde-kinderschuhe.de\/?page_id=157#breadcrumb\",\"itemListElement\":[{\"@type\":\"ListItem\",\"position\":1,\"name\":\"Startseite\",\"item\":\"https:\/\/gesunde-kinderschuhe.de\/\"},{\"@type\":\"ListItem\",\"position\":2,\"name\":\"Outdoorschuhe Damen\"}]},{\"@type\":\"WebSite\",\"@id\":\"https:\/\/gesunde-kinderschuhe.de\/#website\",\"url\":\"https:\/\/gesunde-kinderschuhe.de\/\",\"name\":\"Schuhe im Schwarzatal\",\"description\":\"Fachgesch\u00e4ft f\u00fcr Kinderschuhe, Wanderschuhe, Barfu\u00dfschuhe\",\"potentialAction\":[{\"@type\":\"SearchAction\",\"target\":{\"@type\":\"EntryPoint\",\"urlTemplate\":\"https:\/\/gesunde-kinderschuhe.de\/?s={search_term_string}\"},\"query-input\":{\"@type\":\"PropertyValueSpecification\",\"valueRequired\":true,\"valueName\":\"search_term_string\"}}],\"inLanguage\":\"de\"}]}<\/script>\n<!-- \/ Yoast SEO plugin. -->","yoast_head_json":{"title":"Outdoorschuhe Damen - Schuhe im Schwarzatal","robots":{"index":"index","follow":"follow","max-snippet":"max-snippet:-1","max-image-preview":"max-image-preview:large","max-video-preview":"max-video-preview:-1"},"canonical":"https:\/\/gesunde-kinderschuhe.de\/?page_id=157","og_locale":"de_DE","og_type":"article","og_title":"Outdoorschuhe Damen - Schuhe im Schwarzatal","og_description":"Hier eine \u00dcbersicht zum Angebot an Damen-Wanderschuhen. Es sind noch eine Vielzahl weiterer Modelle vorhanden die Sie unter fachkundiger Beratung probieren k\u00f6nnen.Zubeh\u00f6r: Wanderst\u00f6cke, Rucks\u00e4cke, Funktionssocken, Pflegemittel \u00a0 \u00a0","og_url":"https:\/\/gesunde-kinderschuhe.de\/?page_id=157","og_site_name":"Schuhe im Schwarzatal","article_modified_time":"2025-12-08T13:30:46+00:00","og_image":[{"width":480,"height":344,"url":"https:\/\/gesunde-kinderschuhe.de\/wp-content\/uploads\/2025\/03\/321822__3090.jpg","type":"image\/jpeg"}],"twitter_card":"summary_large_image","twitter_misc":{"Gesch\u00e4tzte Lesezeit":"6\u00a0Minuten"},"schema":{"@context":"https:\/\/schema.org","@graph":[{"@type":"WebPage","@id":"https:\/\/gesunde-kinderschuhe.de\/?page_id=157","url":"https:\/\/gesunde-kinderschuhe.de\/?page_id=157","name":"Outdoorschuhe Damen - Schuhe im Schwarzatal","isPartOf":{"@id":"https:\/\/gesunde-kinderschuhe.de\/#website"},"primaryImageOfPage":{"@id":"https:\/\/gesunde-kinderschuhe.de\/?page_id=157#primaryimage"},"image":{"@id":"https:\/\/gesunde-kinderschuhe.de\/?page_id=157#primaryimage"},"thumbnailUrl":"https:\/\/gesunde-kinderschuhe.de\/wp-content\/uploads\/2025\/03\/321822__3090.jpg","datePublished":"2020-03-06T09:06:26+00:00","dateModified":"2025-12-08T13:30:46+00:00","breadcrumb":{"@id":"https:\/\/gesunde-kinderschuhe.de\/?page_id=157#breadcrumb"},"inLanguage":"de","potentialAction":[{"@type":"ReadAction","target":["https:\/\/gesunde-kinderschuhe.de\/?page_id=157"]}]},{"@type":"ImageObject","inLanguage":"de","@id":"https:\/\/gesunde-kinderschuhe.de\/?page_id=157#primaryimage","url":"https:\/\/gesunde-kinderschuhe.de\/wp-content\/uploads\/2025\/03\/321822__3090.jpg","contentUrl":"https:\/\/gesunde-kinderschuhe.de\/wp-content\/uploads\/2025\/03\/321822__3090.jpg"},{"@type":"BreadcrumbList","@id":"https:\/\/gesunde-kinderschuhe.de\/?page_id=157#breadcrumb","itemListElement":[{"@type":"ListItem","position":1,"name":"Startseite","item":"https:\/\/gesunde-kinderschuhe.de\/"},{"@type":"ListItem","position":2,"name":"Outdoorschuhe Damen"}]},{"@type":"WebSite","@id":"https:\/\/gesunde-kinderschuhe.de\/#website","url":"https:\/\/gesunde-kinderschuhe.de\/","name":"Schuhe im Schwarzatal","description":"Fachgesch\u00e4ft f\u00fcr Kinderschuhe, Wanderschuhe, Barfu\u00dfschuhe","potentialAction":[{"@type":"SearchAction","target":{"@type":"EntryPoint","urlTemplate":"https:\/\/gesunde-kinderschuhe.de\/?s={search_term_string}"},"query-input":{"@type":"PropertyValueSpecification","valueRequired":true,"valueName":"search_term_string"}}],"inLanguage":"de"}]}},"_links":{"self":[{"href":"https:\/\/gesunde-kinderschuhe.de\/index.php?rest_route=\/wp\/v2\/pages\/157","targetHints":{"allow":["GET"]}}],"collection":[{"href":"https:\/\/gesunde-kinderschuhe.de\/index.php?rest_route=\/wp\/v2\/pages"}],"about":[{"href":"https:\/\/gesunde-kinderschuhe.de\/index.php?rest_route=\/wp\/v2\/types\/page"}],"author":[{"embeddable":true,"href":"https:\/\/gesunde-kinderschuhe.de\/index.php?rest_route=\/wp\/v2\/users\/1"}],"replies":[{"embeddable":true,"href":"https:\/\/gesunde-kinderschuhe.de\/index.php?rest_route=%2Fwp%2Fv2%2Fcomments&post=157"}],"version-history":[{"count":33,"href":"https:\/\/gesunde-kinderschuhe.de\/index.php?rest_route=\/wp\/v2\/pages\/157\/revisions"}],"predecessor-version":[{"id":1361,"href":"https:\/\/gesunde-kinderschuhe.de\/index.php?rest_route=\/wp\/v2\/pages\/157\/revisions\/1361"}],"wp:attachment":[{"href":"https:\/\/gesunde-kinderschuhe.de\/index.php?rest_route=%2Fwp%2Fv2%2Fmedia&parent=157"}],"curies":[{"name":"wp","href":"https:\/\/api.w.org\/{rel}","templated":true}]}}