{"id":156,"date":"2020-03-06T09:04:32","date_gmt":"2020-03-06T09:04:32","guid":{"rendered":"https:\/\/gesunde-kinderschuhe.de\/?page_id=156"},"modified":"2025-08-19T11:38:57","modified_gmt":"2025-08-19T11:38:57","slug":"halbschuhe","status":"publish","type":"page","link":"https:\/\/gesunde-kinderschuhe.de\/?page_id=156","title":{"rendered":"Halbschuhe"},"content":{"rendered":"\n<p>Hier ein Einblick in das Kinderschuhangebot. Eine Vielzahl weiterer Modelle sind von Gr. 18 bis 42 in verschiedenen Weiten f\u00fcr Kinder am Lager.<\/p>\n<p><a href=\"https:\/\/gesunde-kinderschuhe.de\/barfussschuhe\">Viele Kinderschuhe sind auch hier unter Barfu\u00dfschuhe zu sehen.<\/a><\/p>\n<p>\u00a0<\/p>\n<p>\u00a0<\/p>\n\n\n\n<figure class=\"wp-block-gallery has-nested-images columns-default is-cropped wp-block-gallery-2 is-layout-flex wp-block-gallery-is-layout-flex\">\n<figure class=\"wp-block-image size-full\"><a href=\"https:\/\/gesunde-kinderschuhe.de\/wp-content\/uploads\/2025\/07\/0c78a9c34d4053874743abf76919f96b18592191.jpeg\" data-rel=\"lightbox-image-0\" data-rl_title=\"\" data-rl_caption=\"\" title=\"\"><img loading=\"lazy\" decoding=\"async\" width=\"898\" height=\"898\" data-id=\"1321\" src=\"https:\/\/gesunde-kinderschuhe.de\/wp-content\/uploads\/2025\/07\/0c78a9c34d4053874743abf76919f96b18592191.jpeg\" alt=\"\" class=\"wp-image-1321\" srcset=\"https:\/\/gesunde-kinderschuhe.de\/wp-content\/uploads\/2025\/07\/0c78a9c34d4053874743abf76919f96b18592191.jpeg 898w, https:\/\/gesunde-kinderschuhe.de\/wp-content\/uploads\/2025\/07\/0c78a9c34d4053874743abf76919f96b18592191-300x300.jpeg 300w, https:\/\/gesunde-kinderschuhe.de\/wp-content\/uploads\/2025\/07\/0c78a9c34d4053874743abf76919f96b18592191-150x150.jpeg 150w, https:\/\/gesunde-kinderschuhe.de\/wp-content\/uploads\/2025\/07\/0c78a9c34d4053874743abf76919f96b18592191-768x768.jpeg 768w, https:\/\/gesunde-kinderschuhe.de\/wp-content\/uploads\/2025\/07\/0c78a9c34d4053874743abf76919f96b18592191-100x100.jpeg 100w\" sizes=\"auto, (max-width: 767px) 89vw, (max-width: 1000px) 54vw, (max-width: 1071px) 543px, 580px\" \/><\/a><\/figure>\n<figcaption class=\"blocks-gallery-caption wp-element-caption\">Ricosta &#8222;Trailer&#8220; (bis Gr.43!), robuster Klettschuh, wasserdicht, Obermaterial Velourleder, griffige Laufsohle, Weite M<br>ab EUR 89,90<\/figcaption><\/figure>\n\n\n\n<figure class=\"wp-block-image size-full\"><a href=\"https:\/\/gesunde-kinderschuhe.de\/wp-content\/uploads\/2024\/01\/d21bea46b2b0d824aa6c16045271dbd513861fe6-1.jpeg\" data-rel=\"lightbox-image-1\" data-rl_title=\"\" data-rl_caption=\"\" title=\"\"><img loading=\"lazy\" decoding=\"async\" width=\"898\" height=\"898\" src=\"https:\/\/gesunde-kinderschuhe.de\/wp-content\/uploads\/2024\/01\/d21bea46b2b0d824aa6c16045271dbd513861fe6-1.jpeg\" alt=\"\" class=\"wp-image-1156\" srcset=\"https:\/\/gesunde-kinderschuhe.de\/wp-content\/uploads\/2024\/01\/d21bea46b2b0d824aa6c16045271dbd513861fe6-1.jpeg 898w, https:\/\/gesunde-kinderschuhe.de\/wp-content\/uploads\/2024\/01\/d21bea46b2b0d824aa6c16045271dbd513861fe6-1-300x300.jpeg 300w, https:\/\/gesunde-kinderschuhe.de\/wp-content\/uploads\/2024\/01\/d21bea46b2b0d824aa6c16045271dbd513861fe6-1-150x150.jpeg 150w, https:\/\/gesunde-kinderschuhe.de\/wp-content\/uploads\/2024\/01\/d21bea46b2b0d824aa6c16045271dbd513861fe6-1-768x768.jpeg 768w, https:\/\/gesunde-kinderschuhe.de\/wp-content\/uploads\/2024\/01\/d21bea46b2b0d824aa6c16045271dbd513861fe6-1-100x100.jpeg 100w\" sizes=\"auto, (max-width: 767px) 89vw, (max-width: 1000px) 54vw, (max-width: 1071px) 543px, 580px\" \/><\/a><figcaption class=\"wp-element-caption\"><em>wetterfester Klettschuh von Ricosta, sehr leicht und flexibel, Barfu\u00dffunktion, Weite M,<br>ab  EUR 89,90<\/em><\/figcaption><\/figure>\n\n\n\n<figure class=\"wp-block-image size-full\"><a href=\"https:\/\/gesunde-kinderschuhe.de\/wp-content\/uploads\/2023\/08\/663b2b90f3e2c871e9634237b194aa2b4e382b99-2.jpeg\" data-rel=\"lightbox-image-2\" data-rl_title=\"\" data-rl_caption=\"\" title=\"\"><img loading=\"lazy\" decoding=\"async\" width=\"898\" height=\"641\" src=\"https:\/\/gesunde-kinderschuhe.de\/wp-content\/uploads\/2023\/08\/663b2b90f3e2c871e9634237b194aa2b4e382b99-2.jpeg\" alt=\"\" class=\"wp-image-1125\" srcset=\"https:\/\/gesunde-kinderschuhe.de\/wp-content\/uploads\/2023\/08\/663b2b90f3e2c871e9634237b194aa2b4e382b99-2.jpeg 898w, https:\/\/gesunde-kinderschuhe.de\/wp-content\/uploads\/2023\/08\/663b2b90f3e2c871e9634237b194aa2b4e382b99-2-300x214.jpeg 300w, https:\/\/gesunde-kinderschuhe.de\/wp-content\/uploads\/2023\/08\/663b2b90f3e2c871e9634237b194aa2b4e382b99-2-768x548.jpeg 768w\" sizes=\"auto, (max-width: 767px) 89vw, (max-width: 1000px) 54vw, (max-width: 1071px) 543px, 580px\" \/><\/a><figcaption class=\"wp-element-caption\"><em>Allwetterschuhe von Superfit, wasserdicht und atmungsaktiv, Klettverschluss, griffige Laufsohle, Weite M+,<br>profilierte Laufsohle, leicht und flexibel<br>ab EUR 89,90<\/em><\/figcaption><\/figure>\n\n\n\n<figure class=\"wp-block-gallery has-nested-images columns-default is-cropped wp-block-gallery-3 is-layout-flex wp-block-gallery-is-layout-flex\">\n<figure class=\"wp-block-image size-large\"><a href=\"https:\/\/gesunde-kinderschuhe.de\/wp-content\/uploads\/2023\/08\/Superfit.jpeg\" data-rel=\"lightbox-image-3\" data-rl_title=\"\" data-rl_caption=\"\" title=\"\"><img loading=\"lazy\" decoding=\"async\" width=\"898\" height=\"641\" data-id=\"1107\" src=\"https:\/\/gesunde-kinderschuhe.de\/wp-content\/uploads\/2023\/08\/Superfit.jpeg\" alt=\"\" class=\"wp-image-1107\" srcset=\"https:\/\/gesunde-kinderschuhe.de\/wp-content\/uploads\/2023\/08\/Superfit.jpeg 898w, https:\/\/gesunde-kinderschuhe.de\/wp-content\/uploads\/2023\/08\/Superfit-300x214.jpeg 300w, https:\/\/gesunde-kinderschuhe.de\/wp-content\/uploads\/2023\/08\/Superfit-768x548.jpeg 768w\" sizes=\"auto, (max-width: 767px) 89vw, (max-width: 1000px) 54vw, (max-width: 1071px) 543px, 580px\" \/><\/a><\/figure>\n<figcaption class=\"blocks-gallery-caption wp-element-caption\">Allwetterschuhe von Superfit, wasserdicht und atmungsaktiv, praktischer Schraubverschluss, griffige Laufsohle, Weite M+<br>ab EUR 99,90<\/figcaption><\/figure>\n\n\n\n<figure class=\"wp-block-gallery has-nested-images columns-default is-cropped wp-block-gallery-4 is-layout-flex wp-block-gallery-is-layout-flex\">\n<figure class=\"wp-block-image size-large\"><a href=\"https:\/\/gesunde-kinderschuhe.de\/wp-content\/uploads\/2022\/01\/2.jpg\" data-rel=\"lightbox-image-4\" data-rl_title=\"\" data-rl_caption=\"\" title=\"\"><img loading=\"lazy\" decoding=\"async\" width=\"450\" height=\"280\" data-id=\"798\" src=\"https:\/\/gesunde-kinderschuhe.de\/wp-content\/uploads\/2022\/01\/2.jpg\" alt=\"\" class=\"wp-image-798\" srcset=\"https:\/\/gesunde-kinderschuhe.de\/wp-content\/uploads\/2022\/01\/2.jpg 450w, https:\/\/gesunde-kinderschuhe.de\/wp-content\/uploads\/2022\/01\/2-300x187.jpg 300w\" sizes=\"auto, (max-width: 450px) 100vw, 450px\" \/><\/a><\/figure>\n\n\n\n<figure class=\"wp-block-image size-large\"><a href=\"https:\/\/gesunde-kinderschuhe.de\/wp-content\/uploads\/2022\/01\/3.jpg\" data-rel=\"lightbox-image-5\" data-rl_title=\"\" data-rl_caption=\"\" title=\"\"><img loading=\"lazy\" decoding=\"async\" width=\"450\" height=\"279\" data-id=\"799\" src=\"https:\/\/gesunde-kinderschuhe.de\/wp-content\/uploads\/2022\/01\/3.jpg\" alt=\"\" class=\"wp-image-799\" srcset=\"https:\/\/gesunde-kinderschuhe.de\/wp-content\/uploads\/2022\/01\/3.jpg 450w, https:\/\/gesunde-kinderschuhe.de\/wp-content\/uploads\/2022\/01\/3-300x186.jpg 300w\" sizes=\"auto, (max-width: 450px) 100vw, 450px\" \/><\/a><\/figure>\n<figcaption class=\"blocks-gallery-caption wp-element-caption\">Ricosta\/Pepino Klettschuhe aus Nubukleder, Lederfutter und mit sehr flexibler Sohle ausgestattet<br>EUR 69,90<\/figcaption><\/figure>\n\n\n\n<figure class=\"wp-block-gallery has-nested-images columns-default is-cropped wp-block-gallery-5 is-layout-flex wp-block-gallery-is-layout-flex\">\n<figure class=\"wp-block-image size-large\"><a href=\"https:\/\/gesunde-kinderschuhe.de\/wp-content\/uploads\/2021\/09\/RicostaKeno.jpg\" data-rel=\"lightbox-image-6\" data-rl_title=\"\" data-rl_caption=\"\" title=\"\"><img loading=\"lazy\" decoding=\"async\" width=\"643\" height=\"473\" data-id=\"738\" src=\"https:\/\/gesunde-kinderschuhe.de\/wp-content\/uploads\/2021\/09\/RicostaKeno.jpg\" alt=\"\" class=\"wp-image-738\" srcset=\"https:\/\/gesunde-kinderschuhe.de\/wp-content\/uploads\/2021\/09\/RicostaKeno.jpg 643w, https:\/\/gesunde-kinderschuhe.de\/wp-content\/uploads\/2021\/09\/RicostaKeno-300x221.jpg 300w\" sizes=\"auto, (max-width: 643px) 100vw, 643px\" \/><\/a><\/figure>\n\n\n\n<figure class=\"wp-block-image size-large\"><a href=\"https:\/\/gesunde-kinderschuhe.de\/wp-content\/uploads\/2021\/09\/RicostaKimo.jpg\" data-rel=\"lightbox-image-7\" data-rl_title=\"\" data-rl_caption=\"\" title=\"\"><img loading=\"lazy\" decoding=\"async\" width=\"627\" height=\"477\" data-id=\"739\" src=\"https:\/\/gesunde-kinderschuhe.de\/wp-content\/uploads\/2021\/09\/RicostaKimo.jpg\" alt=\"\" class=\"wp-image-739\" srcset=\"https:\/\/gesunde-kinderschuhe.de\/wp-content\/uploads\/2021\/09\/RicostaKimo.jpg 627w, https:\/\/gesunde-kinderschuhe.de\/wp-content\/uploads\/2021\/09\/RicostaKimo-300x228.jpg 300w\" sizes=\"auto, (max-width: 627px) 100vw, 627px\" \/><\/a><\/figure>\n<figcaption class=\"blocks-gallery-caption wp-element-caption\">Ricosta-Schuhe mit Sympatex, wasserdicht und atmungsaktiv, zus\u00e4tzlich mit klimafreundlichem Lederfutter ausgestattet, sehr flexible und leichte Laufsohle, in mittel und weit<br>ab EUR 74,90<\/figcaption><\/figure>\n\n\n\n<p><\/p>\n\n\n\n<figure class=\"wp-block-gallery has-nested-images columns-default is-cropped wp-block-gallery-6 is-layout-flex wp-block-gallery-is-layout-flex\">\n<figure class=\"wp-block-image size-large\"><a href=\"https:\/\/gesunde-kinderschuhe.de\/wp-content\/uploads\/2020\/03\/EccoFirstOcean.jpg\" data-rel=\"lightbox-image-8\" data-rl_title=\"\" data-rl_caption=\"\" title=\"\"><img loading=\"lazy\" decoding=\"async\" width=\"454\" height=\"385\" data-id=\"230\" src=\"https:\/\/gesunde-kinderschuhe.de\/wp-content\/uploads\/2020\/03\/EccoFirstOcean.jpg\" alt=\"\" class=\"wp-image-230\" srcset=\"https:\/\/gesunde-kinderschuhe.de\/wp-content\/uploads\/2020\/03\/EccoFirstOcean.jpg 454w, https:\/\/gesunde-kinderschuhe.de\/wp-content\/uploads\/2020\/03\/EccoFirstOcean-300x254.jpg 300w\" sizes=\"auto, (max-width: 454px) 100vw, 454px\" \/><\/a><\/figure>\n\n\n\n<figure class=\"wp-block-image size-large\"><a href=\"https:\/\/gesunde-kinderschuhe.de\/wp-content\/uploads\/2020\/03\/EccoFirstRose.jpg\" data-rel=\"lightbox-image-9\" data-rl_title=\"\" data-rl_caption=\"\" title=\"\"><img loading=\"lazy\" decoding=\"async\" width=\"454\" height=\"371\" data-id=\"229\" src=\"https:\/\/gesunde-kinderschuhe.de\/wp-content\/uploads\/2020\/03\/EccoFirstRose.jpg\" alt=\"\" class=\"wp-image-229\" srcset=\"https:\/\/gesunde-kinderschuhe.de\/wp-content\/uploads\/2020\/03\/EccoFirstRose.jpg 454w, https:\/\/gesunde-kinderschuhe.de\/wp-content\/uploads\/2020\/03\/EccoFirstRose-300x245.jpg 300w\" sizes=\"auto, (max-width: 454px) 100vw, 454px\" \/><\/a><\/figure>\n\n\n\n<figure class=\"wp-block-image size-large\"><a href=\"https:\/\/gesunde-kinderschuhe.de\/wp-content\/uploads\/2020\/03\/EccoFirstGreyRose.jpg\" data-rel=\"lightbox-image-10\" data-rl_title=\"\" data-rl_caption=\"\" title=\"\"><img loading=\"lazy\" decoding=\"async\" width=\"454\" height=\"431\" data-id=\"228\" src=\"https:\/\/gesunde-kinderschuhe.de\/wp-content\/uploads\/2020\/03\/EccoFirstGreyRose.jpg\" alt=\"\" class=\"wp-image-228\" srcset=\"https:\/\/gesunde-kinderschuhe.de\/wp-content\/uploads\/2020\/03\/EccoFirstGreyRose.jpg 454w, https:\/\/gesunde-kinderschuhe.de\/wp-content\/uploads\/2020\/03\/EccoFirstGreyRose-300x285.jpg 300w\" sizes=\"auto, (max-width: 454px) 100vw, 454px\" \/><\/a><\/figure>\n<figcaption class=\"blocks-gallery-caption wp-element-caption\"> Ecco \u201cFirst\u201d, Schn\u00fcrschuhe mit Rei\u00dfverschluss, Obermaterial Leder, leicht und flexibel, Weite M+<br>EUR 64,90 <\/figcaption><\/figure>\n\n\n\n<figure class=\"wp-block-gallery has-nested-images columns-default is-cropped wp-block-gallery-7 is-layout-flex wp-block-gallery-is-layout-flex\">\n<figure class=\"wp-block-image size-large\"><a href=\"https:\/\/gesunde-kinderschuhe.de\/wp-content\/uploads\/2020\/03\/EccoIntervene.jpg\" data-rel=\"lightbox-image-11\" data-rl_title=\"\" data-rl_caption=\"\" title=\"\"><img loading=\"lazy\" decoding=\"async\" width=\"454\" height=\"356\" data-id=\"223\" src=\"https:\/\/gesunde-kinderschuhe.de\/wp-content\/uploads\/2020\/03\/EccoIntervene.jpg\" alt=\"\" class=\"wp-image-223\" srcset=\"https:\/\/gesunde-kinderschuhe.de\/wp-content\/uploads\/2020\/03\/EccoIntervene.jpg 454w, https:\/\/gesunde-kinderschuhe.de\/wp-content\/uploads\/2020\/03\/EccoIntervene-300x235.jpg 300w\" sizes=\"auto, (max-width: 454px) 100vw, 454px\" \/><\/a><\/figure>\n\n\n\n<figure class=\"wp-block-image size-large\"><a href=\"https:\/\/gesunde-kinderschuhe.de\/wp-content\/uploads\/2020\/03\/EccoInterveneBoa.jpg\" data-rel=\"lightbox-image-12\" data-rl_title=\"\" data-rl_caption=\"\" title=\"\"><img loading=\"lazy\" decoding=\"async\" width=\"454\" height=\"340\" data-id=\"224\" src=\"https:\/\/gesunde-kinderschuhe.de\/wp-content\/uploads\/2020\/03\/EccoInterveneBoa.jpg\" alt=\"\" class=\"wp-image-224\" srcset=\"https:\/\/gesunde-kinderschuhe.de\/wp-content\/uploads\/2020\/03\/EccoInterveneBoa.jpg 454w, https:\/\/gesunde-kinderschuhe.de\/wp-content\/uploads\/2020\/03\/EccoInterveneBoa-300x225.jpg 300w\" sizes=\"auto, (max-width: 454px) 100vw, 454px\" \/><\/a><\/figure>\n<figcaption class=\"blocks-gallery-caption wp-element-caption\"> Ecco \u201cIntervene\u201d, Sneaker aus Nubukleder, Weite M<br>EUR 84,90 (bis Gr.35)<br>EUR 89,90 (ab Gr.36)<br><\/figcaption><\/figure>\n\n\n\n<figure class=\"wp-block-gallery has-nested-images columns-default is-cropped wp-block-gallery-8 is-layout-flex wp-block-gallery-is-layout-flex\">\n<figure class=\"wp-block-image size-large\"><img loading=\"lazy\" decoding=\"async\" width=\"454\" height=\"308\" data-id=\"222\" src=\"https:\/\/gesunde-kinderschuhe.de\/wp-content\/uploads\/2020\/03\/EccoVojageHochTitanium1.jpg\" alt=\"\" class=\"wp-image-222\" srcset=\"https:\/\/gesunde-kinderschuhe.de\/wp-content\/uploads\/2020\/03\/EccoVojageHochTitanium1.jpg 454w, https:\/\/gesunde-kinderschuhe.de\/wp-content\/uploads\/2020\/03\/EccoVojageHochTitanium1-300x204.jpg 300w\" sizes=\"auto, (max-width: 454px) 100vw, 454px\" \/><\/figure>\n<figcaption class=\"blocks-gallery-caption wp-element-caption\"> Ecco \u201cVojage\u201d, wasserdichter Mehrzweckschuh, Schnellverschluss, Weite M+<br>EUR 99,90 (ab Gr.36) <\/figcaption><\/figure>\n\n\n\n<figure class=\"wp-block-gallery has-nested-images columns-default is-cropped wp-block-gallery-9 is-layout-flex wp-block-gallery-is-layout-flex\">\n<figure class=\"wp-block-image size-large\"><a href=\"https:\/\/gesunde-kinderschuhe.de\/wp-content\/uploads\/2020\/03\/EccoVojageGrape.jpg\" data-rel=\"lightbox-image-13\" data-rl_title=\"\" data-rl_caption=\"\" title=\"\"><img loading=\"lazy\" decoding=\"async\" width=\"454\" height=\"339\" data-id=\"220\" src=\"https:\/\/gesunde-kinderschuhe.de\/wp-content\/uploads\/2020\/03\/EccoVojageGrape.jpg\" alt=\"\" class=\"wp-image-220\" srcset=\"https:\/\/gesunde-kinderschuhe.de\/wp-content\/uploads\/2020\/03\/EccoVojageGrape.jpg 454w, https:\/\/gesunde-kinderschuhe.de\/wp-content\/uploads\/2020\/03\/EccoVojageGrape-300x224.jpg 300w\" sizes=\"auto, (max-width: 454px) 100vw, 454px\" \/><\/a><\/figure>\n\n\n\n<figure class=\"wp-block-image size-large\"><a href=\"https:\/\/gesunde-kinderschuhe.de\/wp-content\/uploads\/2020\/03\/EccoVojageSchwBlau1.jpg\" data-rel=\"lightbox-image-14\" data-rl_title=\"\" data-rl_caption=\"\" title=\"\"><img loading=\"lazy\" decoding=\"async\" width=\"454\" height=\"342\" data-id=\"221\" src=\"https:\/\/gesunde-kinderschuhe.de\/wp-content\/uploads\/2020\/03\/EccoVojageSchwBlau1.jpg\" alt=\"\" class=\"wp-image-221\" srcset=\"https:\/\/gesunde-kinderschuhe.de\/wp-content\/uploads\/2020\/03\/EccoVojageSchwBlau1.jpg 454w, https:\/\/gesunde-kinderschuhe.de\/wp-content\/uploads\/2020\/03\/EccoVojageSchwBlau1-300x226.jpg 300w\" sizes=\"auto, (max-width: 454px) 100vw, 454px\" \/><\/a><\/figure>\n<figcaption class=\"blocks-gallery-caption wp-element-caption\"> Ecco \u201cVojage\u201d, wasserdichter Halbschuh, Schnellverschluss, Weite M+<br>EUR 84,90 (bis Gr.:35)<br>EUR 89,90 (ab Gr.:36) <\/figcaption><\/figure>\n\n\n\n<p><\/p>\n","protected":false},"excerpt":{"rendered":"<p>Hier ein Einblick in das Kinderschuhangebot. Eine Vielzahl weiterer Modelle sind von Gr. 18 bis 42 in verschiedenen Weiten f\u00fcr Kinder am Lager. Viele Kinderschuhe sind auch hier unter Barfu\u00dfschuhe &hellip; <\/p>\n<p class=\"link-more\"><a href=\"https:\/\/gesunde-kinderschuhe.de\/?page_id=156\" class=\"more-link\"><span class=\"screen-reader-text\">\u201eHalbschuhe\u201c<\/span> weiterlesen<\/a><\/p>\n","protected":false},"author":1,"featured_media":0,"parent":0,"menu_order":0,"comment_status":"closed","ping_status":"closed","template":"","meta":{"footnotes":""},"class_list":["post-156","page","type-page","status-publish","hentry"],"yoast_head":"<!-- This site is optimized with the Yoast SEO plugin v27.2 - https:\/\/yoast.com\/product\/yoast-seo-wordpress\/ -->\n<title>Halbschuhe - Schuhe im Schwarzatal<\/title>\n<meta name=\"robots\" content=\"index, follow, max-snippet:-1, max-image-preview:large, max-video-preview:-1\" \/>\n<link rel=\"canonical\" href=\"https:\/\/gesunde-kinderschuhe.de\/?page_id=156\" \/>\n<meta property=\"og:locale\" content=\"de_DE\" \/>\n<meta property=\"og:type\" content=\"article\" \/>\n<meta property=\"og:title\" content=\"Halbschuhe - Schuhe im Schwarzatal\" \/>\n<meta property=\"og:description\" content=\"Hier ein Einblick in das Kinderschuhangebot. Eine Vielzahl weiterer Modelle sind von Gr. 18 bis 42 in verschiedenen Weiten f\u00fcr Kinder am Lager. Viele Kinderschuhe sind auch hier unter Barfu\u00dfschuhe &hellip; \u201eHalbschuhe\u201c weiterlesen\" \/>\n<meta property=\"og:url\" content=\"https:\/\/gesunde-kinderschuhe.de\/?page_id=156\" \/>\n<meta property=\"og:site_name\" content=\"Schuhe im Schwarzatal\" \/>\n<meta property=\"article:modified_time\" content=\"2025-08-19T11:38:57+00:00\" \/>\n<meta property=\"og:image\" content=\"https:\/\/gesunde-kinderschuhe.de\/wp-content\/uploads\/2025\/07\/0c78a9c34d4053874743abf76919f96b18592191.jpeg\" \/>\n\t<meta property=\"og:image:width\" content=\"898\" \/>\n\t<meta property=\"og:image:height\" content=\"898\" \/>\n\t<meta property=\"og:image:type\" content=\"image\/jpeg\" \/>\n<meta name=\"twitter:card\" content=\"summary_large_image\" \/>\n<meta name=\"twitter:label1\" content=\"Gesch\u00e4tzte Lesezeit\" \/>\n\t<meta name=\"twitter:data1\" content=\"5\u00a0Minuten\" \/>\n<script type=\"application\/ld+json\" class=\"yoast-schema-graph\">{\"@context\":\"https:\/\/schema.org\",\"@graph\":[{\"@type\":\"WebPage\",\"@id\":\"https:\/\/gesunde-kinderschuhe.de\/?page_id=156\",\"url\":\"https:\/\/gesunde-kinderschuhe.de\/?page_id=156\",\"name\":\"Halbschuhe - Schuhe im Schwarzatal\",\"isPartOf\":{\"@id\":\"https:\/\/gesunde-kinderschuhe.de\/#website\"},\"primaryImageOfPage\":{\"@id\":\"https:\/\/gesunde-kinderschuhe.de\/?page_id=156#primaryimage\"},\"image\":{\"@id\":\"https:\/\/gesunde-kinderschuhe.de\/?page_id=156#primaryimage\"},\"thumbnailUrl\":\"https:\/\/gesunde-kinderschuhe.de\/wp-content\/uploads\/2025\/07\/0c78a9c34d4053874743abf76919f96b18592191.jpeg\",\"datePublished\":\"2020-03-06T09:04:32+00:00\",\"dateModified\":\"2025-08-19T11:38:57+00:00\",\"breadcrumb\":{\"@id\":\"https:\/\/gesunde-kinderschuhe.de\/?page_id=156#breadcrumb\"},\"inLanguage\":\"de\",\"potentialAction\":[{\"@type\":\"ReadAction\",\"target\":[\"https:\/\/gesunde-kinderschuhe.de\/?page_id=156\"]}]},{\"@type\":\"ImageObject\",\"inLanguage\":\"de\",\"@id\":\"https:\/\/gesunde-kinderschuhe.de\/?page_id=156#primaryimage\",\"url\":\"https:\/\/gesunde-kinderschuhe.de\/wp-content\/uploads\/2025\/07\/0c78a9c34d4053874743abf76919f96b18592191.jpeg\",\"contentUrl\":\"https:\/\/gesunde-kinderschuhe.de\/wp-content\/uploads\/2025\/07\/0c78a9c34d4053874743abf76919f96b18592191.jpeg\"},{\"@type\":\"BreadcrumbList\",\"@id\":\"https:\/\/gesunde-kinderschuhe.de\/?page_id=156#breadcrumb\",\"itemListElement\":[{\"@type\":\"ListItem\",\"position\":1,\"name\":\"Startseite\",\"item\":\"https:\/\/gesunde-kinderschuhe.de\/\"},{\"@type\":\"ListItem\",\"position\":2,\"name\":\"Halbschuhe\"}]},{\"@type\":\"WebSite\",\"@id\":\"https:\/\/gesunde-kinderschuhe.de\/#website\",\"url\":\"https:\/\/gesunde-kinderschuhe.de\/\",\"name\":\"Schuhe im Schwarzatal\",\"description\":\"Fachgesch\u00e4ft f\u00fcr Kinderschuhe, Wanderschuhe, Barfu\u00dfschuhe\",\"potentialAction\":[{\"@type\":\"SearchAction\",\"target\":{\"@type\":\"EntryPoint\",\"urlTemplate\":\"https:\/\/gesunde-kinderschuhe.de\/?s={search_term_string}\"},\"query-input\":{\"@type\":\"PropertyValueSpecification\",\"valueRequired\":true,\"valueName\":\"search_term_string\"}}],\"inLanguage\":\"de\"}]}<\/script>\n<!-- \/ Yoast SEO plugin. -->","yoast_head_json":{"title":"Halbschuhe - Schuhe im Schwarzatal","robots":{"index":"index","follow":"follow","max-snippet":"max-snippet:-1","max-image-preview":"max-image-preview:large","max-video-preview":"max-video-preview:-1"},"canonical":"https:\/\/gesunde-kinderschuhe.de\/?page_id=156","og_locale":"de_DE","og_type":"article","og_title":"Halbschuhe - Schuhe im Schwarzatal","og_description":"Hier ein Einblick in das Kinderschuhangebot. Eine Vielzahl weiterer Modelle sind von Gr. 18 bis 42 in verschiedenen Weiten f\u00fcr Kinder am Lager. Viele Kinderschuhe sind auch hier unter Barfu\u00dfschuhe &hellip; \u201eHalbschuhe\u201c weiterlesen","og_url":"https:\/\/gesunde-kinderschuhe.de\/?page_id=156","og_site_name":"Schuhe im Schwarzatal","article_modified_time":"2025-08-19T11:38:57+00:00","og_image":[{"width":898,"height":898,"url":"https:\/\/gesunde-kinderschuhe.de\/wp-content\/uploads\/2025\/07\/0c78a9c34d4053874743abf76919f96b18592191.jpeg","type":"image\/jpeg"}],"twitter_card":"summary_large_image","twitter_misc":{"Gesch\u00e4tzte Lesezeit":"5\u00a0Minuten"},"schema":{"@context":"https:\/\/schema.org","@graph":[{"@type":"WebPage","@id":"https:\/\/gesunde-kinderschuhe.de\/?page_id=156","url":"https:\/\/gesunde-kinderschuhe.de\/?page_id=156","name":"Halbschuhe - Schuhe im Schwarzatal","isPartOf":{"@id":"https:\/\/gesunde-kinderschuhe.de\/#website"},"primaryImageOfPage":{"@id":"https:\/\/gesunde-kinderschuhe.de\/?page_id=156#primaryimage"},"image":{"@id":"https:\/\/gesunde-kinderschuhe.de\/?page_id=156#primaryimage"},"thumbnailUrl":"https:\/\/gesunde-kinderschuhe.de\/wp-content\/uploads\/2025\/07\/0c78a9c34d4053874743abf76919f96b18592191.jpeg","datePublished":"2020-03-06T09:04:32+00:00","dateModified":"2025-08-19T11:38:57+00:00","breadcrumb":{"@id":"https:\/\/gesunde-kinderschuhe.de\/?page_id=156#breadcrumb"},"inLanguage":"de","potentialAction":[{"@type":"ReadAction","target":["https:\/\/gesunde-kinderschuhe.de\/?page_id=156"]}]},{"@type":"ImageObject","inLanguage":"de","@id":"https:\/\/gesunde-kinderschuhe.de\/?page_id=156#primaryimage","url":"https:\/\/gesunde-kinderschuhe.de\/wp-content\/uploads\/2025\/07\/0c78a9c34d4053874743abf76919f96b18592191.jpeg","contentUrl":"https:\/\/gesunde-kinderschuhe.de\/wp-content\/uploads\/2025\/07\/0c78a9c34d4053874743abf76919f96b18592191.jpeg"},{"@type":"BreadcrumbList","@id":"https:\/\/gesunde-kinderschuhe.de\/?page_id=156#breadcrumb","itemListElement":[{"@type":"ListItem","position":1,"name":"Startseite","item":"https:\/\/gesunde-kinderschuhe.de\/"},{"@type":"ListItem","position":2,"name":"Halbschuhe"}]},{"@type":"WebSite","@id":"https:\/\/gesunde-kinderschuhe.de\/#website","url":"https:\/\/gesunde-kinderschuhe.de\/","name":"Schuhe im Schwarzatal","description":"Fachgesch\u00e4ft f\u00fcr Kinderschuhe, Wanderschuhe, Barfu\u00dfschuhe","potentialAction":[{"@type":"SearchAction","target":{"@type":"EntryPoint","urlTemplate":"https:\/\/gesunde-kinderschuhe.de\/?s={search_term_string}"},"query-input":{"@type":"PropertyValueSpecification","valueRequired":true,"valueName":"search_term_string"}}],"inLanguage":"de"}]}},"_links":{"self":[{"href":"https:\/\/gesunde-kinderschuhe.de\/index.php?rest_route=\/wp\/v2\/pages\/156","targetHints":{"allow":["GET"]}}],"collection":[{"href":"https:\/\/gesunde-kinderschuhe.de\/index.php?rest_route=\/wp\/v2\/pages"}],"about":[{"href":"https:\/\/gesunde-kinderschuhe.de\/index.php?rest_route=\/wp\/v2\/types\/page"}],"author":[{"embeddable":true,"href":"https:\/\/gesunde-kinderschuhe.de\/index.php?rest_route=\/wp\/v2\/users\/1"}],"replies":[{"embeddable":true,"href":"https:\/\/gesunde-kinderschuhe.de\/index.php?rest_route=%2Fwp%2Fv2%2Fcomments&post=156"}],"version-history":[{"count":17,"href":"https:\/\/gesunde-kinderschuhe.de\/index.php?rest_route=\/wp\/v2\/pages\/156\/revisions"}],"predecessor-version":[{"id":1328,"href":"https:\/\/gesunde-kinderschuhe.de\/index.php?rest_route=\/wp\/v2\/pages\/156\/revisions\/1328"}],"wp:attachment":[{"href":"https:\/\/gesunde-kinderschuhe.de\/index.php?rest_route=%2Fwp%2Fv2%2Fmedia&parent=156"}],"curies":[{"name":"wp","href":"https:\/\/api.w.org\/{rel}","templated":true}]}}